{"id":1177,"date":"2025-03-25T11:16:41","date_gmt":"2025-03-25T11:16:41","guid":{"rendered":"https:\/\/palgaz.com.pl\/?page_id=1177"},"modified":"2025-10-03T11:46:52","modified_gmt":"2025-10-03T11:46:52","slug":"roboty-ziemne","status":"publish","type":"page","link":"https:\/\/palgaz.com.pl\/de\/roboty-ziemne\/","title":{"rendered":"Roboty ziemne"},"content":{"rendered":"<p>[et_pb_section fb_built=&#8221;1&#8243; custom_padding_last_edited=&#8221;on|phone&#8221; _builder_version=&#8221;4.27.4&#8243; _module_preset=&#8221;default&#8221; custom_padding=&#8221;120px||120px||true|false&#8221; custom_padding_tablet=&#8221;80px||80px||true|false&#8221; custom_padding_phone=&#8221;64px||64px||true|false&#8221; hover_enabled=&#8221;0&#8243; global_colors_info=&#8221;{}&#8221; sticky_enabled=&#8221;0&#8243;][et_pb_row _builder_version=&#8221;4.27.3&#8243; _module_preset=&#8221;default&#8221; custom_padding=&#8221;0px||0px||false|false&#8221; global_colors_info=&#8221;{}&#8221;][et_pb_column type=&#8221;4_4&#8243; _builder_version=&#8221;4.27.3&#8243; _module_preset=&#8221;default&#8221; pac_dcm_carousel_specific_module_num=&#8221;0&#8243; global_colors_info=&#8221;{}&#8221;][et_pb_tabs module_id=&#8221;oferta&#8221; module_class=&#8221;vertical-tabs1&#8243; _builder_version=&#8221;4.27.4&#8243; _module_preset=&#8221;default&#8221; body_font_size=&#8221;18px&#8221; body_line_height=&#8221;26px&#8221; hover_enabled=&#8221;0&#8243; body_font_size_tablet=&#8221;16px&#8221; body_font_size_phone=&#8221;16px&#8221; body_font_size_last_edited=&#8221;on|tablet&#8221; body_line_height_tablet=&#8221;24px&#8221; body_line_height_phone=&#8221;24px&#8221; body_line_height_last_edited=&#8221;on|tablet&#8221; global_colors_info=&#8221;{}&#8221; sticky_enabled=&#8221;0&#8243;][et_pb_tab title=&#8221;Makroniwelacje terenu&#8221; _builder_version=&#8221;4.27.4&#8243; _module_preset=&#8221;default&#8221; hover_enabled=&#8221;0&#8243; global_colors_info=&#8221;{}&#8221; sticky_enabled=&#8221;0&#8243;]<\/p>\n<p><img loading=\"lazy\" decoding=\"async\" src=\"https:\/\/palgaz.com.pl\/wp-content\/uploads\/2025\/04\/DJI_0385-1-scaled.jpg\" width=\"2560\" height=\"1440\" alt=\"\" class=\"wp-image-1210 alignnone size-full\" srcset=\"https:\/\/palgaz.com.pl\/wp-content\/uploads\/2025\/04\/DJI_0385-1-scaled.jpg 2560w, https:\/\/palgaz.com.pl\/wp-content\/uploads\/2025\/04\/DJI_0385-1-1280x720.jpg 1280w, https:\/\/palgaz.com.pl\/wp-content\/uploads\/2025\/04\/DJI_0385-1-980x551.jpg 980w, https:\/\/palgaz.com.pl\/wp-content\/uploads\/2025\/04\/DJI_0385-1-480x270.jpg 480w\" sizes=\"(min-width: 0px) and (max-width: 480px) 480px, (min-width: 481px) and (max-width: 980px) 980px, (min-width: 981px) and (max-width: 1280px) 1280px, (min-width: 1281px) 2560px, 100vw\" \/><\/p>\n<p><img decoding=\"async\" src=\"https:\/\/palgaz.com.pl\/wp-content\/uploads\/2023\/11\/img_sq.svg\" alt=\"\" class=\"sq\" \/><\/p>\n<p>Specjalizujemy si\u0119 wykonywaniu <strong>makroniwelacji terenu<\/strong>, oferuj\u0105c kompleksowe us\u0142ugi przygotowania gruntu pod\u00a0inwestycje budowlane, przemys\u0142owe i\u00a0infrastrukturalne. Dzi\u0119ki nowoczesnemu sprz\u0119towi i\u00a0do\u015bwiadczonej kadrze zapewniamy <strong>precyzyjne wyr\u00f3wnywanie, niwelacj\u0119 oraz\u00a0modelowanie terenu<\/strong>, dostosowane do\u00a0indywidualnych potrzeb klienta.<\/p>\n<p>[\/et_pb_tab][et_pb_tab title=&#8221;Stabilizacje gruntu &#8221; _builder_version=&#8221;4.27.4&#8243; _module_preset=&#8221;default&#8221; hover_enabled=&#8221;0&#8243; global_colors_info=&#8221;{}&#8221; sticky_enabled=&#8221;0&#8243;]<\/p>\n<p><img loading=\"lazy\" decoding=\"async\" src=\"https:\/\/palgaz.com.pl\/wp-content\/uploads\/2025\/04\/20240809_083743-scaled.jpg\" width=\"2560\" height=\"1183\" alt=\"\" class=\"wp-image-1222 alignnone size-full\" srcset=\"https:\/\/palgaz.com.pl\/wp-content\/uploads\/2025\/04\/20240809_083743-scaled.jpg 2560w, https:\/\/palgaz.com.pl\/wp-content\/uploads\/2025\/04\/20240809_083743-1280x592.jpg 1280w, https:\/\/palgaz.com.pl\/wp-content\/uploads\/2025\/04\/20240809_083743-980x453.jpg 980w, https:\/\/palgaz.com.pl\/wp-content\/uploads\/2025\/04\/20240809_083743-480x222.jpg 480w\" sizes=\"(min-width: 0px) and (max-width: 480px) 480px, (min-width: 481px) and (max-width: 980px) 980px, (min-width: 981px) and (max-width: 1280px) 1280px, (min-width: 1281px) 2560px, 100vw\" \/><img decoding=\"async\" src=\"https:\/\/palgaz.com.pl\/wp-content\/uploads\/2023\/11\/img_sq.svg\" alt=\"\" class=\"sq\" \/><\/p>\n<p>Specjalizujemy si\u0119 w\u00a0<strong>stabilizacji grunt\u00f3w<\/strong>, oferuj\u0105c kompleksowe us\u0142ugi wzmacniania pod\u0142o\u017ca pod\u00a0inwestycje budowlane, drogowe i\u00a0przemys\u0142owe. Dzi\u0119ki nowoczesnym technologiom i\u00a0wysokiej jako\u015bci materia\u0142om zapewniamy <strong>trwa\u0142e i\u00a0wytrzyma\u0142e pod\u0142o\u017ce<\/strong>, dostosowane do\u00a0indywidualnych potrzeb ka\u017cdego projektu.<\/p>\n<p>Wykonujemy stabilizacj\u0119 grunt\u00f3w przy u\u017cyciu <strong>spoiw hydraulicznych i\u00a0cementu <\/strong>co\u00a0pozwala na\u00a0zwi\u0119kszenie no\u015bno\u015bci terenu, redukcj\u0119 osiadania oraz\u00a0popraw\u0119 odporno\u015bci na\u00a0warunki atmosferyczne.<\/p>\n<p>[\/et_pb_tab][et_pb_tab title=&#8221;Podbudowy&#8221; _builder_version=&#8221;4.27.4&#8243; _module_preset=&#8221;default&#8221; hover_enabled=&#8221;0&#8243; global_colors_info=&#8221;{}&#8221; sticky_enabled=&#8221;0&#8243;]<\/p>\n<p><img loading=\"lazy\" decoding=\"async\" src=\"https:\/\/palgaz.com.pl\/wp-content\/uploads\/2025\/04\/20240913_155620-scaled.jpg\" width=\"2560\" height=\"1183\" alt=\"\" class=\"wp-image-1225 alignnone size-full\" srcset=\"https:\/\/palgaz.com.pl\/wp-content\/uploads\/2025\/04\/20240913_155620-scaled.jpg 2560w, https:\/\/palgaz.com.pl\/wp-content\/uploads\/2025\/04\/20240913_155620-1280x592.jpg 1280w, https:\/\/palgaz.com.pl\/wp-content\/uploads\/2025\/04\/20240913_155620-980x453.jpg 980w, https:\/\/palgaz.com.pl\/wp-content\/uploads\/2025\/04\/20240913_155620-480x222.jpg 480w\" sizes=\"(min-width: 0px) and (max-width: 480px) 480px, (min-width: 481px) and (max-width: 980px) 980px, (min-width: 981px) and (max-width: 1280px) 1280px, (min-width: 1281px) 2560px, 100vw\" \/><img decoding=\"async\" src=\"https:\/\/palgaz.com.pl\/wp-content\/uploads\/2023\/11\/img_sq.svg\" alt=\"\" class=\"sq\" \/><\/p>\n<p>Specjalizujemy si\u0119 w\u00a0<strong>wykonywaniu podbud\u00f3w jako warstw konstrukcyjnych dr\u00f3g i\u00a0plac\u00f3w<\/strong>, zapewniaj\u0105c trwa\u0142o\u015b\u0107 i\u00a0stabilno\u015b\u0107 nawierzchni. Oferujemy kompleksowe us\u0142ugi w\u00a0zakresie przygotowania pod\u0142o\u017ca pod\u00a0inwestycje drogowe, przemys\u0142owe oraz\u00a0komercyjne, stosuj\u0105c nowoczesne technologie i\u00a0wysokiej jako\u015bci materia\u0142y.<\/p>\n<p>Wykonujemy podbudowy z:<br \/><strong>-Kruszyw naturalnych i \u0142amanych<\/strong><br \/><strong>-Mieszanek zwi\u0105zanych spoiwami hydraulicznymi (cement, wapno)<\/strong><br \/><strong>-Mieszanek stabilizowanych mechanicznie<\/strong><\/p>\n<p>Dzi\u0119ki naszemu do\u015bwiadczeniu oraz\u00a0specjalistycznemu sprz\u0119towi gwarantujemy <strong>wytrzyma\u0142o\u015b\u0107, odpowiedni\u0105 no\u015bno\u015b\u0107 oraz\u00a0zgodno\u015b\u0107 z\u00a0normami technicznymi<\/strong>, co\u00a0zapewnia d\u0142ug\u0105 \u017cywotno\u015b\u0107 nawierzchni.<\/p>\n<p>[\/et_pb_tab][et_pb_tab title=&#8221;Nawierzchnie drogowe&#8221; _builder_version=&#8221;4.27.4&#8243; _module_preset=&#8221;default&#8221; hover_enabled=&#8221;0&#8243; global_colors_info=&#8221;{}&#8221; sticky_enabled=&#8221;0&#8243;]<\/p>\n<p><img loading=\"lazy\" decoding=\"async\" src=\"https:\/\/palgaz.com.pl\/wp-content\/uploads\/2025\/04\/20240916_110641-scaled.jpg\" width=\"2560\" height=\"1183\" alt=\"\" class=\"wp-image-1231 alignnone size-full\" srcset=\"https:\/\/palgaz.com.pl\/wp-content\/uploads\/2025\/04\/20240916_110641-scaled.jpg 2560w, https:\/\/palgaz.com.pl\/wp-content\/uploads\/2025\/04\/20240916_110641-1280x592.jpg 1280w, https:\/\/palgaz.com.pl\/wp-content\/uploads\/2025\/04\/20240916_110641-980x453.jpg 980w, https:\/\/palgaz.com.pl\/wp-content\/uploads\/2025\/04\/20240916_110641-480x222.jpg 480w\" sizes=\"(min-width: 0px) and (max-width: 480px) 480px, (min-width: 481px) and (max-width: 980px) 980px, (min-width: 981px) and (max-width: 1280px) 1280px, (min-width: 1281px) 2560px, 100vw\" \/><img decoding=\"async\" src=\"https:\/\/palgaz.com.pl\/wp-content\/uploads\/2023\/11\/img_sq.svg\" alt=\"\" class=\"sq\" \/><\/p>\n<p>Nasza firma specjalizuje si\u0119 w\u00a0<strong>wykonywaniu nawierzchni drogowych<\/strong>, oferuj\u0105c kompleksowe us\u0142ugi w\u00a0zakresie budowy dr\u00f3g, parking\u00f3w, plac\u00f3w oraz\u00a0innych ci\u0105g\u00f3w komunikacyjnych. Dzi\u0119ki wieloletniemu do\u015bwiadczeniu oraz\u00a0nowoczesnym technologiom zapewniamy <strong>trwa\u0142e, odporne na\u00a0obci\u0105\u017cenia i\u00a0warunki atmosferyczne nawierzchnie<\/strong>, dostosowane do\u00a0indywidualnych potrzeb inwestycji.<\/p>\n<p>Wykonujemy nawierzchnie z:<br \/><strong>-Asfaltu<\/strong> \u2013 idealne do\u00a0dr\u00f3g o\u00a0du\u017cym nat\u0119\u017ceniu ruchu<br \/><strong>-Betonu<\/strong> \u2013 doskona\u0142e rozwi\u0105zanie dla obszar\u00f3w przemys\u0142owych i\u00a0logistycznych<br \/><strong>-Kostki brukowej<\/strong> \u2013 estetyczna i\u00a0funkcjonalna opcja dla parking\u00f3w, chodnik\u00f3w i\u00a0plac\u00f3w<br \/><strong>-Kruszyw i nawierzchni t\u0142uczniowych<\/strong> \u2013 ekonomiczne rozwi\u0105zanie dla dr\u00f3g tymczasowych i\u00a0gruntowych<\/p>\n<p>[\/et_pb_tab][et_pb_tab title=&#8221;Bilansowanie \/ Modelowanie 3D&#8221; _builder_version=&#8221;4.27.4&#8243; _module_preset=&#8221;default&#8221; hover_enabled=&#8221;0&#8243; global_colors_info=&#8221;{}&#8221; sticky_enabled=&#8221;0&#8243;]<\/p>\n<p><img loading=\"lazy\" decoding=\"async\" src=\"https:\/\/palgaz.com.pl\/wp-content\/uploads\/2025\/04\/Zrzut-ekranu-2025-04-03-125225.png\" width=\"1375\" height=\"1594\" alt=\"\" class=\"wp-image-1236 alignnone size-full\" srcset=\"https:\/\/palgaz.com.pl\/wp-content\/uploads\/2025\/04\/Zrzut-ekranu-2025-04-03-125225.png 1375w, https:\/\/palgaz.com.pl\/wp-content\/uploads\/2025\/04\/Zrzut-ekranu-2025-04-03-125225-1280x1484.png 1280w, https:\/\/palgaz.com.pl\/wp-content\/uploads\/2025\/04\/Zrzut-ekranu-2025-04-03-125225-980x1136.png 980w, https:\/\/palgaz.com.pl\/wp-content\/uploads\/2025\/04\/Zrzut-ekranu-2025-04-03-125225-480x556.png 480w\" sizes=\"(min-width: 0px) and (max-width: 480px) 480px, (min-width: 481px) and (max-width: 980px) 980px, (min-width: 981px) and (max-width: 1280px) 1280px, (min-width: 1281px) 1375px, 100vw\" \/><img decoding=\"async\" src=\"https:\/\/palgaz.com.pl\/wp-content\/uploads\/2023\/11\/img_sq.svg\" alt=\"\" class=\"sq\" \/><\/p>\n<p data-start=\"251\" data-end=\"474\" class=\"\">Oferujemy <strong data-start=\"289\" data-end=\"326\">wykonywanie bilans\u00f3w mas ziemnych<\/strong> oraz\u00a0tworzenie <strong data-start=\"342\" data-end=\"375\">precyzyjnych modeli 3D terenu<\/strong>, kt\u00f3re pozwalaj\u0105 na\u00a0<strong data-start=\"396\" data-end=\"437\">efektywn\u0105 optymalizacj\u0119 prac ziemnych<\/strong> ju\u017c na\u00a0etapie planowania inwestycji.<\/p>\n<p data-start=\"476\" data-end=\"874\" class=\"\">Dzi\u0119ki zastosowaniu nowoczesnych narz\u0119dzi geodezyjnych i\u00a0oprogramowania in\u017cynierskiego jeste\u015bmy w\u00a0stanie dok\u0142adnie odwzorowa\u0107 istniej\u0105ce ukszta\u0142towanie terenu, zaprojektowa\u0107 docelowe powierzchnie oraz\u00a0precyzyjnie obliczy\u0107 ilo\u015bci ziemi do\u00a0przemieszczenia. Takie podej\u015bcie pozwala nie\u00a0tylko\u00a0ograniczy\u0107 koszty, ale\u00a0tak\u017ce zoptymalizowa\u0107 harmonogram rob\u00f3t oraz\u00a0ograniczy\u0107 wp\u0142yw inwestycji na\u00a0\u015brodowisko.<\/p>\n<p>[\/et_pb_tab][et_pb_tab title=&#8221;Prace sanitarne&#8221; _builder_version=&#8221;4.27.4&#8243; _module_preset=&#8221;default&#8221; hover_enabled=&#8221;0&#8243; global_colors_info=&#8221;{}&#8221; sticky_enabled=&#8221;0&#8243;]<\/p>\n<p data-start=\"195\" data-end=\"549\" class=\"\">Specjalizujemy si\u0119 w\u00a0<strong data-start=\"216\" data-end=\"260\">kompleksowej realizacji prac sanitarnych.<\/strong> Oferujemy pe\u0142ny zakres us\u0142ug zwi\u0105zanych z\u00a0budow\u0105 i\u00a0monta\u017cem <strong data-start=\"321\" data-end=\"355\">zewn\u0119trznych sieci sanitarnych<\/strong>. Nasze do\u015bwiadczenie oraz\u00a0profesjonalna kadra pozwalaj\u0105 nam skutecznie realizowa\u0107 najbardziej wymagaj\u0105ce inwestycje.<\/p>\n<h4 data-start=\"551\" data-end=\"585\" class=\"\">Zakres naszych prac obejmuje:<\/h4>\n<p data-start=\"587\" data-end=\"1084\" class=\"\"><strong data-start=\"590\" data-end=\"622\">-Zewn\u0119trzne sieci wodoci\u0105gowe<\/strong> \u2013 wraz z\u00a0przy\u0142\u0105czami i\u00a0monta\u017cem studni wodomierzowych<br data-start=\"676\" data-end=\"679\" \/><strong data-start=\"682\" data-end=\"714\">-Sieci kanalizacji sanitarnej<\/strong> \u2013 z\u00a0pe\u0142n\u0105 obs\u0142ug\u0105 przy\u0142\u0105czy, osadzaniem studni i\u00a0przepompowni<br data-start=\"776\" data-end=\"779\" \/><strong data-start=\"782\" data-end=\"814\">-Sieci kanalizacji deszczowej<\/strong> \u2013 osadzanie studni, monta\u017c odwodnie\u0144 liniowych i\u00a0zbiornik\u00f3w prefabrykowanych<br data-start=\"891\" data-end=\"894\" \/><strong data-start=\"897\" data-end=\"935\">-Sieci przeciwpo\u017carowe i hydrantowe<\/strong> \u2013 projektowanie i\u00a0wykonanie zgodnie z\u00a0normami\u00a0 \u00a0 \u00a0 \u00a0 bezpiecze\u0144stwa<br data-start=\"996\" data-end=\"999\" \/><strong data-start=\"1002\" data-end=\"1024\">-Monta\u017c separator\u00f3w<\/strong> \u2013 zapewniaj\u0105cych ochron\u0119 \u015brodowiska i\u00a0zgodno\u015b\u0107 z\u00a0przepisami<\/p>\n<h4 data-start=\"1086\" data-end=\"1125\" class=\"\">Zapewniamy:<\/h4>\n<p data-start=\"1127\" data-end=\"1632\" class=\"\"><strong data-start=\"1129\" data-end=\"1184\">-Do\u015bwiadczony kierownik budowy\/rob\u00f3t z uprawnieniami<\/strong> \u2013 Osoba odpowiedzialna za\u00a0nadz\u00f3r i\u00a0koordynacj\u0119 prac na\u00a0placu budowy<br data-start=\"1230\" data-end=\"1233\" \/><strong data-start=\"1235\" data-end=\"1277\">-Pe\u0142ny nadz\u00f3r nad realizacj\u0105 inwestycji<\/strong> \u2013 kontrola jako\u015bci, terminowo\u015bci i\u00a0zgodno\u015bci z\u00a0projektem<br data-start=\"1334\" data-end=\"1337\" \/><strong data-start=\"1339\" data-end=\"1383\">-Udzia\u0142 w naradach z GW<\/strong>\u00a0\u2013 sprawna komunikacja i\u00a0wsp\u00f3\u0142praca na\u00a0ka\u017cdym etapie<br data-start=\"1435\" data-end=\"1438\" \/><strong data-start=\"1440\" data-end=\"1466\">-Obs\u0142uga odbior\u00f3w sieci<\/strong> \u2013 Kompleksowa obs\u0142uga dokumentacji<br data-start=\"1533\" data-end=\"1536\" \/><strong data-start=\"1538\" data-end=\"1574\">-Kompletna dokumentacja odbiorowa<\/strong> \u2013 zgodna z\u00a0obowi\u0105zuj\u0105cymi przepisami i\u00a0wymogami inwestora<\/p>\n<p>[\/et_pb_tab][\/et_pb_tabs][\/et_pb_column][\/et_pb_row][\/et_pb_section]<\/p>\n","protected":false},"excerpt":{"rendered":"<p>Specjalizujemy si\u0119 wykonywaniu makroniwelacji terenu, oferuj\u0105c kompleksowe us\u0142ugi przygotowania gruntu pod\u00a0inwestycje budowlane, przemys\u0142owe i\u00a0infrastrukturalne. Dzi\u0119ki nowoczesnemu sprz\u0119towi i\u00a0do\u015bwiadczonej kadrze zapewniamy precyzyjne wyr\u00f3wnywanie, niwelacj\u0119 oraz\u00a0modelowanie terenu, dostosowane do\u00a0indywidualnych potrzeb klienta. Specjalizujemy si\u0119 w\u00a0stabilizacji grunt\u00f3w, oferuj\u0105c kompleksowe us\u0142ugi wzmacniania pod\u0142o\u017ca pod\u00a0inwestycje budowlane, drogowe i\u00a0przemys\u0142owe. Dzi\u0119ki nowoczesnym technologiom i\u00a0wysokiej jako\u015bci materia\u0142om zapewniamy trwa\u0142e i\u00a0wytrzyma\u0142e pod\u0142o\u017ce, dostosowane do\u00a0indywidualnych potrzeb [&hellip;]<\/p>\n","protected":false},"author":2,"featured_media":0,"parent":0,"menu_order":0,"comment_status":"closed","ping_status":"closed","template":"","meta":{"_acf_changed":false,"_et_pb_use_builder":"on","_et_pb_old_content":"","_et_gb_content_width":"","inline_featured_image":false,"footnotes":""},"class_list":["post-1177","page","type-page","status-publish","hentry"],"acf":[],"yoast_head":"<!-- This site is optimized with the Yoast SEO plugin v26.9 - https:\/\/yoast.com\/product\/yoast-seo-wordpress\/ -->\n<title>Roboty ziemne - PAL-GAZ<\/title>\n<meta name=\"robots\" content=\"index, follow, max-snippet:-1, max-image-preview:large, max-video-preview:-1\" \/>\n<link rel=\"canonical\" href=\"https:\/\/palgaz.com.pl\/de\/roboty-ziemne\/\" \/>\n<meta property=\"og:locale\" content=\"de_DE\" \/>\n<meta property=\"og:type\" content=\"article\" \/>\n<meta property=\"og:title\" content=\"Roboty ziemne - PAL-GAZ\" \/>\n<meta property=\"og:description\" content=\"Specjalizujemy si\u0119 wykonywaniu makroniwelacji terenu, oferuj\u0105c kompleksowe us\u0142ugi przygotowania gruntu pod\u00a0inwestycje budowlane, przemys\u0142owe i\u00a0infrastrukturalne. Dzi\u0119ki nowoczesnemu sprz\u0119towi i\u00a0do\u015bwiadczonej kadrze zapewniamy precyzyjne wyr\u00f3wnywanie, niwelacj\u0119 oraz\u00a0modelowanie terenu, dostosowane do\u00a0indywidualnych potrzeb klienta. Specjalizujemy si\u0119 w\u00a0stabilizacji grunt\u00f3w, oferuj\u0105c kompleksowe us\u0142ugi wzmacniania pod\u0142o\u017ca pod\u00a0inwestycje budowlane, drogowe i\u00a0przemys\u0142owe. Dzi\u0119ki nowoczesnym technologiom i\u00a0wysokiej jako\u015bci materia\u0142om zapewniamy trwa\u0142e i\u00a0wytrzyma\u0142e pod\u0142o\u017ce, dostosowane do\u00a0indywidualnych potrzeb [&hellip;]\" \/>\n<meta property=\"og:url\" content=\"https:\/\/palgaz.com.pl\/de\/roboty-ziemne\/\" \/>\n<meta property=\"og:site_name\" content=\"PAL-GAZ\" \/>\n<meta property=\"article:modified_time\" content=\"2025-10-03T11:46:52+00:00\" \/>\n<meta property=\"og:image\" content=\"https:\/\/palgaz.com.pl\/wp-content\/uploads\/2025\/04\/DJI_0385-1-scaled.jpg\" \/>\n\t<meta property=\"og:image:width\" content=\"2560\" \/>\n\t<meta property=\"og:image:height\" content=\"1440\" \/>\n\t<meta property=\"og:image:type\" content=\"image\/jpeg\" \/>\n<meta name=\"twitter:card\" content=\"summary_large_image\" \/>\n<meta name=\"twitter:label1\" content=\"Gesch\u00e4tzte Lesezeit\" \/>\n\t<meta name=\"twitter:data1\" content=\"4\u00a0Minuten\" \/>\n<script type=\"application\/ld+json\" class=\"yoast-schema-graph\">{\"@context\":\"https:\/\/schema.org\",\"@graph\":[{\"@type\":\"WebPage\",\"@id\":\"https:\/\/palgaz.com.pl\/roboty-ziemne\/\",\"url\":\"https:\/\/palgaz.com.pl\/roboty-ziemne\/\",\"name\":\"Roboty ziemne - PAL-GAZ\",\"isPartOf\":{\"@id\":\"https:\/\/palgaz.com.pl\/#website\"},\"primaryImageOfPage\":{\"@id\":\"https:\/\/palgaz.com.pl\/roboty-ziemne\/#primaryimage\"},\"image\":{\"@id\":\"https:\/\/palgaz.com.pl\/roboty-ziemne\/#primaryimage\"},\"thumbnailUrl\":\"https:\/\/palgaz.com.pl\/wp-content\/uploads\/2025\/04\/DJI_0385-1-scaled.jpg\",\"datePublished\":\"2025-03-25T11:16:41+00:00\",\"dateModified\":\"2025-10-03T11:46:52+00:00\",\"breadcrumb\":{\"@id\":\"https:\/\/palgaz.com.pl\/roboty-ziemne\/#breadcrumb\"},\"inLanguage\":\"de\",\"potentialAction\":[{\"@type\":\"ReadAction\",\"target\":[\"https:\/\/palgaz.com.pl\/roboty-ziemne\/\"]}]},{\"@type\":\"ImageObject\",\"inLanguage\":\"de\",\"@id\":\"https:\/\/palgaz.com.pl\/roboty-ziemne\/#primaryimage\",\"url\":\"https:\/\/palgaz.com.pl\/wp-content\/uploads\/2025\/04\/DJI_0385-1-scaled.jpg\",\"contentUrl\":\"https:\/\/palgaz.com.pl\/wp-content\/uploads\/2025\/04\/DJI_0385-1-scaled.jpg\"},{\"@type\":\"BreadcrumbList\",\"@id\":\"https:\/\/palgaz.com.pl\/roboty-ziemne\/#breadcrumb\",\"itemListElement\":[{\"@type\":\"ListItem\",\"position\":1,\"name\":\"Strona g\u0142\u00f3wna\",\"item\":\"https:\/\/palgaz.com.pl\/\"},{\"@type\":\"ListItem\",\"position\":2,\"name\":\"Roboty ziemne\"}]},{\"@type\":\"WebSite\",\"@id\":\"https:\/\/palgaz.com.pl\/#website\",\"url\":\"https:\/\/palgaz.com.pl\/\",\"name\":\"PAL-GAZ\",\"description\":\"Posadzki Przemys\u0142owe\",\"potentialAction\":[{\"@type\":\"SearchAction\",\"target\":{\"@type\":\"EntryPoint\",\"urlTemplate\":\"https:\/\/palgaz.com.pl\/?s={search_term_string}\"},\"query-input\":{\"@type\":\"PropertyValueSpecification\",\"valueRequired\":true,\"valueName\":\"search_term_string\"}}],\"inLanguage\":\"de\"}]}<\/script>\n<!-- \/ Yoast SEO plugin. -->","yoast_head_json":{"title":"Roboty ziemne - PAL-GAZ","robots":{"index":"index","follow":"follow","max-snippet":"max-snippet:-1","max-image-preview":"max-image-preview:large","max-video-preview":"max-video-preview:-1"},"canonical":"https:\/\/palgaz.com.pl\/de\/roboty-ziemne\/","og_locale":"de_DE","og_type":"article","og_title":"Roboty ziemne - PAL-GAZ","og_description":"Specjalizujemy si\u0119 wykonywaniu makroniwelacji terenu, oferuj\u0105c kompleksowe us\u0142ugi przygotowania gruntu pod\u00a0inwestycje budowlane, przemys\u0142owe i\u00a0infrastrukturalne. Dzi\u0119ki nowoczesnemu sprz\u0119towi i\u00a0do\u015bwiadczonej kadrze zapewniamy precyzyjne wyr\u00f3wnywanie, niwelacj\u0119 oraz\u00a0modelowanie terenu, dostosowane do\u00a0indywidualnych potrzeb klienta. Specjalizujemy si\u0119 w\u00a0stabilizacji grunt\u00f3w, oferuj\u0105c kompleksowe us\u0142ugi wzmacniania pod\u0142o\u017ca pod\u00a0inwestycje budowlane, drogowe i\u00a0przemys\u0142owe. Dzi\u0119ki nowoczesnym technologiom i\u00a0wysokiej jako\u015bci materia\u0142om zapewniamy trwa\u0142e i\u00a0wytrzyma\u0142e pod\u0142o\u017ce, dostosowane do\u00a0indywidualnych potrzeb [&hellip;]","og_url":"https:\/\/palgaz.com.pl\/de\/roboty-ziemne\/","og_site_name":"PAL-GAZ","article_modified_time":"2025-10-03T11:46:52+00:00","og_image":[{"width":2560,"height":1440,"url":"https:\/\/palgaz.com.pl\/wp-content\/uploads\/2025\/04\/DJI_0385-1-scaled.jpg","type":"image\/jpeg"}],"twitter_card":"summary_large_image","twitter_misc":{"Gesch\u00e4tzte Lesezeit":"4\u00a0Minuten"},"schema":{"@context":"https:\/\/schema.org","@graph":[{"@type":"WebPage","@id":"https:\/\/palgaz.com.pl\/roboty-ziemne\/","url":"https:\/\/palgaz.com.pl\/roboty-ziemne\/","name":"Roboty ziemne - PAL-GAZ","isPartOf":{"@id":"https:\/\/palgaz.com.pl\/#website"},"primaryImageOfPage":{"@id":"https:\/\/palgaz.com.pl\/roboty-ziemne\/#primaryimage"},"image":{"@id":"https:\/\/palgaz.com.pl\/roboty-ziemne\/#primaryimage"},"thumbnailUrl":"https:\/\/palgaz.com.pl\/wp-content\/uploads\/2025\/04\/DJI_0385-1-scaled.jpg","datePublished":"2025-03-25T11:16:41+00:00","dateModified":"2025-10-03T11:46:52+00:00","breadcrumb":{"@id":"https:\/\/palgaz.com.pl\/roboty-ziemne\/#breadcrumb"},"inLanguage":"de","potentialAction":[{"@type":"ReadAction","target":["https:\/\/palgaz.com.pl\/roboty-ziemne\/"]}]},{"@type":"ImageObject","inLanguage":"de","@id":"https:\/\/palgaz.com.pl\/roboty-ziemne\/#primaryimage","url":"https:\/\/palgaz.com.pl\/wp-content\/uploads\/2025\/04\/DJI_0385-1-scaled.jpg","contentUrl":"https:\/\/palgaz.com.pl\/wp-content\/uploads\/2025\/04\/DJI_0385-1-scaled.jpg"},{"@type":"BreadcrumbList","@id":"https:\/\/palgaz.com.pl\/roboty-ziemne\/#breadcrumb","itemListElement":[{"@type":"ListItem","position":1,"name":"Strona g\u0142\u00f3wna","item":"https:\/\/palgaz.com.pl\/"},{"@type":"ListItem","position":2,"name":"Roboty ziemne"}]},{"@type":"WebSite","@id":"https:\/\/palgaz.com.pl\/#website","url":"https:\/\/palgaz.com.pl\/","name":"PAL-GAZ","description":"Posadzki Przemys\u0142owe","potentialAction":[{"@type":"SearchAction","target":{"@type":"EntryPoint","urlTemplate":"https:\/\/palgaz.com.pl\/?s={search_term_string}"},"query-input":{"@type":"PropertyValueSpecification","valueRequired":true,"valueName":"search_term_string"}}],"inLanguage":"de"}]}},"_links":{"self":[{"href":"https:\/\/palgaz.com.pl\/de\/wp-json\/wp\/v2\/pages\/1177","targetHints":{"allow":["GET"]}}],"collection":[{"href":"https:\/\/palgaz.com.pl\/de\/wp-json\/wp\/v2\/pages"}],"about":[{"href":"https:\/\/palgaz.com.pl\/de\/wp-json\/wp\/v2\/types\/page"}],"author":[{"embeddable":true,"href":"https:\/\/palgaz.com.pl\/de\/wp-json\/wp\/v2\/users\/2"}],"replies":[{"embeddable":true,"href":"https:\/\/palgaz.com.pl\/de\/wp-json\/wp\/v2\/comments?post=1177"}],"version-history":[{"count":40,"href":"https:\/\/palgaz.com.pl\/de\/wp-json\/wp\/v2\/pages\/1177\/revisions"}],"predecessor-version":[{"id":1579,"href":"https:\/\/palgaz.com.pl\/de\/wp-json\/wp\/v2\/pages\/1177\/revisions\/1579"}],"wp:attachment":[{"href":"https:\/\/palgaz.com.pl\/de\/wp-json\/wp\/v2\/media?parent=1177"}],"curies":[{"name":"wp","href":"https:\/\/api.w.org\/{rel}","templated":true}]}}