{"id":670,"date":"2023-11-30T11:42:33","date_gmt":"2023-11-30T11:42:33","guid":{"rendered":"https:\/\/palgaz.com.pl\/?page_id=670"},"modified":"2025-10-01T14:03:48","modified_gmt":"2025-10-01T14:03:48","slug":"kontakt","status":"publish","type":"page","link":"https:\/\/palgaz.com.pl\/de\/kontakt\/","title":{"rendered":"Kontakt"},"content":{"rendered":"<p>[et_pb_section fb_built=&#8221;1&#8243; custom_padding_last_edited=&#8221;on|phone&#8221; _builder_version=&#8221;4.27.3&#8243; _module_preset=&#8221;default&#8221; custom_padding=&#8221;120px||120px||true|false&#8221; custom_padding_tablet=&#8221;80px||80px||true|false&#8221; custom_padding_phone=&#8221;64px||64px||true|false&#8221; global_colors_info=&#8221;{}&#8221;][et_pb_row column_structure=&#8221;2_5,3_5&#8243; module_class=&#8221;kontakt&#8221; _builder_version=&#8221;4.23.1&#8243; _module_preset=&#8221;default&#8221; custom_padding=&#8221;0px||0px||false|false&#8221; global_colors_info=&#8221;{}&#8221;][et_pb_column type=&#8221;2_5&#8243; _builder_version=&#8221;4.23.1&#8243; _module_preset=&#8221;default&#8221; pac_dcm_carousel_specific_module_num=&#8221;0&#8243; global_colors_info=&#8221;{}&#8221;][et_pb_blurb title=&#8221;Adres:&#8221; image=&#8221;https:\/\/palgaz.com.pl\/wp-content\/uploads\/2023\/11\/adres.svg&#8221; icon_placement=&#8221;left&#8221; image_icon_width=&#8221;64px&#8221; image_icon_width_tablet=&#8221;56px&#8221; image_icon_width_phone=&#8221;48px&#8221; image_icon_width_last_edited=&#8221;on|phone&#8221; _builder_version=&#8221;4.27.3&#8243; _module_preset=&#8221;default&#8221; header_font=&#8221;Ubuntu|500|||||||&#8221; header_text_color=&#8221;#191819&#8243; header_font_size=&#8221;24px&#8221; header_line_height=&#8221;32px&#8221; body_font=&#8221;Ubuntu||||||||&#8221; body_text_color=&#8221;#474a4e&#8221; body_font_size=&#8221;20px&#8221; body_line_height=&#8221;28px&#8221; body_link_font=&#8221;DM Sans||||||||&#8221; body_link_text_color=&#8221;#474a4e&#8221; body_link_font_size=&#8221;20px&#8221; body_link_line_height=&#8221;28px&#8221; custom_margin=&#8221;||40px||false|false&#8221; custom_margin_tablet=&#8221;||32px||false|false&#8221; custom_margin_phone=&#8221;||24px||false|false&#8221; custom_margin_last_edited=&#8221;on|phone&#8221; hover_enabled=&#8221;0&#8243; header_font_size_tablet=&#8221;20px&#8221; header_font_size_phone=&#8221;18px&#8221; header_font_size_last_edited=&#8221;on|desktop&#8221; header_line_height_tablet=&#8221;28px&#8221; header_line_height_phone=&#8221;24px&#8221; header_line_height_last_edited=&#8221;on|tablet&#8221; body_font_size_tablet=&#8221;18px&#8221; body_font_size_phone=&#8221;16px&#8221; body_font_size_last_edited=&#8221;on|tablet&#8221; body_line_height_tablet=&#8221;26px&#8221; body_line_height_phone=&#8221;24px&#8221; body_line_height_last_edited=&#8221;on|tablet&#8221; body_link_font_size_tablet=&#8221;18px&#8221; body_link_font_size_phone=&#8221;16px&#8221; body_link_font_size_last_edited=&#8221;on|tablet&#8221; body_link_line_height_tablet=&#8221;26px&#8221; body_link_line_height_phone=&#8221;24px&#8221; body_link_line_height_last_edited=&#8221;on|tablet&#8221; locked=&#8221;off&#8221; global_colors_info=&#8221;{}&#8221; sticky_enabled=&#8221;0&#8243;]<\/p>\n<p>Przy\u0142\u0119k 25A, 64-300 Nowy Tomy\u015bl<\/p>\n<p>[\/et_pb_blurb][et_pb_blurb title=&#8221;Kontakt telefoniczny:&#8221; image=&#8221;https:\/\/palgaz.com.pl\/wp-content\/uploads\/2023\/11\/telefon.svg&#8221; icon_placement=&#8221;left&#8221; image_icon_width=&#8221;64px&#8221; image_icon_width_tablet=&#8221;56px&#8221; image_icon_width_phone=&#8221;48px&#8221; image_icon_width_last_edited=&#8221;on|phone&#8221; _builder_version=&#8221;4.27.3&#8243; _module_preset=&#8221;default&#8221; header_font=&#8221;Ubuntu|500|||||||&#8221; header_text_color=&#8221;#191819&#8243; header_font_size=&#8221;24px&#8221; header_line_height=&#8221;32px&#8221; body_font=&#8221;Ubuntu||||||||&#8221; body_text_color=&#8221;#474a4e&#8221; body_font_size=&#8221;20px&#8221; body_line_height=&#8221;28px&#8221; body_link_font=&#8221;DM Sans||||||||&#8221; body_link_text_color=&#8221;#474a4e&#8221; body_link_font_size=&#8221;20px&#8221; body_link_line_height=&#8221;28px&#8221; custom_margin=&#8221;||40px||false|false&#8221; custom_margin_tablet=&#8221;||32px||false|false&#8221; custom_margin_phone=&#8221;||24px||false|false&#8221; custom_margin_last_edited=&#8221;on|phone&#8221; hover_enabled=&#8221;0&#8243; header_font_size_tablet=&#8221;20px&#8221; header_font_size_phone=&#8221;18px&#8221; header_font_size_last_edited=&#8221;on|phone&#8221; header_line_height_tablet=&#8221;28px&#8221; header_line_height_phone=&#8221;24px&#8221; header_line_height_last_edited=&#8221;on|tablet&#8221; body_font_size_tablet=&#8221;18px&#8221; body_font_size_phone=&#8221;16px&#8221; body_font_size_last_edited=&#8221;on|tablet&#8221; body_line_height_tablet=&#8221;26px&#8221; body_line_height_phone=&#8221;24px&#8221; body_line_height_last_edited=&#8221;on|tablet&#8221; body_link_font_size_tablet=&#8221;18px&#8221; body_link_font_size_phone=&#8221;16px&#8221; body_link_font_size_last_edited=&#8221;on|tablet&#8221; body_link_line_height_tablet=&#8221;26px&#8221; body_link_line_height_phone=&#8221;24px&#8221; body_link_line_height_last_edited=&#8221;on|tablet&#8221; locked=&#8221;off&#8221; global_colors_info=&#8221;{}&#8221; sticky_enabled=&#8221;0&#8243;]<\/p>\n<p><a href=\"tel:+48 61 44 25 036\">(061) 44 25 036<\/a> \/\u00a0<a href=\"tel:+48 61 44 25 037\">(061) 44 25 037<\/a><\/p>\n<p>[\/et_pb_blurb][et_pb_blurb title=&#8221;Kontakt mailowy og\u00f3lny:&#8221; image=&#8221;https:\/\/palgaz.com.pl\/wp-content\/uploads\/2023\/11\/mail.svg&#8221; icon_placement=&#8221;left&#8221; image_icon_width=&#8221;64px&#8221; image_icon_width_tablet=&#8221;56px&#8221; image_icon_width_phone=&#8221;48px&#8221; image_icon_width_last_edited=&#8221;on|phone&#8221; _builder_version=&#8221;4.27.3&#8243; _module_preset=&#8221;default&#8221; header_font=&#8221;Ubuntu|500|||||||&#8221; header_text_color=&#8221;#191819&#8243; header_font_size=&#8221;24px&#8221; header_line_height=&#8221;32px&#8221; body_font=&#8221;Ubuntu||||||||&#8221; body_text_color=&#8221;#474a4e&#8221; body_font_size=&#8221;20px&#8221; body_line_height=&#8221;28px&#8221; body_link_font=&#8221;DM Sans||||||||&#8221; body_link_text_color=&#8221;#474a4e&#8221; body_link_font_size=&#8221;20px&#8221; body_link_line_height=&#8221;28px&#8221; custom_margin=&#8221;||24px||false|false&#8221; custom_margin_tablet=&#8221;||16px||false|false&#8221; custom_margin_phone=&#8221;||12px||false|false&#8221; custom_margin_last_edited=&#8221;on|phone&#8221; hover_enabled=&#8221;0&#8243; header_font_size_tablet=&#8221;20px&#8221; header_font_size_phone=&#8221;18px&#8221; header_font_size_last_edited=&#8221;on|phone&#8221; header_line_height_tablet=&#8221;28px&#8221; header_line_height_phone=&#8221;24px&#8221; header_line_height_last_edited=&#8221;on|tablet&#8221; body_font_size_tablet=&#8221;18px&#8221; body_font_size_phone=&#8221;16px&#8221; body_font_size_last_edited=&#8221;on|tablet&#8221; body_line_height_tablet=&#8221;26px&#8221; body_line_height_phone=&#8221;24px&#8221; body_line_height_last_edited=&#8221;on|tablet&#8221; body_link_font_size_tablet=&#8221;18px&#8221; body_link_font_size_phone=&#8221;16px&#8221; body_link_font_size_last_edited=&#8221;on|tablet&#8221; body_link_line_height_tablet=&#8221;26px&#8221; body_link_line_height_phone=&#8221;24px&#8221; body_link_line_height_last_edited=&#8221;on|tablet&#8221; locked=&#8221;off&#8221; global_colors_info=&#8221;{}&#8221; sticky_enabled=&#8221;0&#8243;]<\/p>\n<p><a href=\"mailto:biuro@palgaz.com.pl\">biuro@palgaz.com.pl<\/a><\/p>\n<p>[\/et_pb_blurb][et_pb_blurb title=&#8221;Kontakt serwis&#8221; image=&#8221;https:\/\/palgaz.com.pl\/wp-content\/uploads\/2023\/11\/mail.svg&#8221; icon_placement=&#8221;left&#8221; image_icon_width=&#8221;64px&#8221; image_icon_width_tablet=&#8221;56px&#8221; image_icon_width_phone=&#8221;48px&#8221; image_icon_width_last_edited=&#8221;on|phone&#8221; _builder_version=&#8221;4.27.3&#8243; _module_preset=&#8221;default&#8221; header_font=&#8221;Ubuntu|500|||||||&#8221; header_text_color=&#8221;#191819&#8243; header_font_size=&#8221;24px&#8221; header_line_height=&#8221;32px&#8221; body_font=&#8221;Ubuntu||||||||&#8221; body_text_color=&#8221;#474a4e&#8221; body_font_size=&#8221;20px&#8221; body_line_height=&#8221;28px&#8221; body_link_font=&#8221;DM Sans||||||||&#8221; body_link_text_color=&#8221;#474a4e&#8221; body_link_font_size=&#8221;20px&#8221; body_link_line_height=&#8221;28px&#8221; custom_margin=&#8221;||24px||false|false&#8221; custom_margin_tablet=&#8221;||16px||false|false&#8221; custom_margin_phone=&#8221;||12px||false|false&#8221; custom_margin_last_edited=&#8221;on|phone&#8221; hover_enabled=&#8221;0&#8243; header_font_size_tablet=&#8221;20px&#8221; header_font_size_phone=&#8221;18px&#8221; header_font_size_last_edited=&#8221;on|phone&#8221; header_line_height_tablet=&#8221;28px&#8221; header_line_height_phone=&#8221;24px&#8221; header_line_height_last_edited=&#8221;on|tablet&#8221; body_font_size_tablet=&#8221;18px&#8221; body_font_size_phone=&#8221;16px&#8221; body_font_size_last_edited=&#8221;on|tablet&#8221; body_line_height_tablet=&#8221;26px&#8221; body_line_height_phone=&#8221;24px&#8221; body_line_height_last_edited=&#8221;on|tablet&#8221; body_link_font_size_tablet=&#8221;18px&#8221; body_link_font_size_phone=&#8221;16px&#8221; body_link_font_size_last_edited=&#8221;on|tablet&#8221; body_link_line_height_tablet=&#8221;26px&#8221; body_link_line_height_phone=&#8221;24px&#8221; body_link_line_height_last_edited=&#8221;on|tablet&#8221; locked=&#8221;off&#8221; global_colors_info=&#8221;{}&#8221; sticky_enabled=&#8221;0&#8243;]<\/p>\n<p><a href=\"mailto:biuro@palgaz.com.pl\">serwis@palgaz.com.pl<\/a><\/p>\n<p>[\/et_pb_blurb][et_pb_blurb title=&#8221;Zapytania ofertowe:&#8221; image=&#8221;https:\/\/palgaz.com.pl\/wp-content\/uploads\/2023\/11\/mail.svg&#8221; icon_placement=&#8221;left&#8221; image_icon_width=&#8221;64px&#8221; image_icon_width_tablet=&#8221;56px&#8221; image_icon_width_phone=&#8221;48px&#8221; image_icon_width_last_edited=&#8221;on|phone&#8221; _builder_version=&#8221;4.27.3&#8243; _module_preset=&#8221;default&#8221; header_font=&#8221;Ubuntu|500|||||||&#8221; header_text_color=&#8221;#191819&#8243; header_font_size=&#8221;24px&#8221; header_line_height=&#8221;32px&#8221; body_font=&#8221;Ubuntu||||||||&#8221; body_text_color=&#8221;#474a4e&#8221; body_font_size=&#8221;20px&#8221; body_line_height=&#8221;28px&#8221; body_link_font=&#8221;DM Sans||||||||&#8221; body_link_text_color=&#8221;#474a4e&#8221; body_link_font_size=&#8221;20px&#8221; body_link_line_height=&#8221;28px&#8221; custom_margin=&#8221;||64px||false|false&#8221; custom_margin_tablet=&#8221;||40px||false|false&#8221; custom_margin_phone=&#8221;||40px||false|false&#8221; custom_margin_last_edited=&#8221;on|phone&#8221; hover_enabled=&#8221;0&#8243; header_font_size_tablet=&#8221;20px&#8221; header_font_size_phone=&#8221;18px&#8221; header_font_size_last_edited=&#8221;on|phone&#8221; header_line_height_tablet=&#8221;28px&#8221; header_line_height_phone=&#8221;24px&#8221; header_line_height_last_edited=&#8221;on|tablet&#8221; body_font_size_tablet=&#8221;18px&#8221; body_font_size_phone=&#8221;16px&#8221; body_font_size_last_edited=&#8221;on|tablet&#8221; body_line_height_tablet=&#8221;26px&#8221; body_line_height_phone=&#8221;24px&#8221; body_line_height_last_edited=&#8221;on|tablet&#8221; body_link_font_size_tablet=&#8221;18px&#8221; body_link_font_size_phone=&#8221;16px&#8221; body_link_font_size_last_edited=&#8221;on|tablet&#8221; body_link_line_height_tablet=&#8221;26px&#8221; body_link_line_height_phone=&#8221;24px&#8221; body_link_line_height_last_edited=&#8221;on|tablet&#8221; locked=&#8221;off&#8221; global_colors_info=&#8221;{}&#8221; sticky_enabled=&#8221;0&#8243;]<\/p>\n<p><a href=\"mailto:oferty@palgaz.com.pl\">oferty@palgaz.com.pl<\/a><\/p>\n<p>[\/et_pb_blurb][\/et_pb_column][et_pb_column type=&#8221;3_5&#8243; _builder_version=&#8221;4.23.1&#8243; _module_preset=&#8221;default&#8221; custom_padding=&#8221;0px||0px||true|false&#8221; pac_dcm_carousel_specific_module_num=&#8221;0&#8243; global_colors_info=&#8221;{}&#8221;][et_pb_contact_form email=&#8221;biuro@palgaz.com.pl&#8221; title=&#8221;Formularz kontaktowy www.palgaz.com.pl&#8221; success_message=&#8221;Dzi\u0119kujemy! Twoja wiadomo\u015b\u0107 zosta\u0142a wys\u0142ana.&#8221; submit_button_text=&#8221;Wyslij&#8221; _builder_version=&#8221;4.26.0&#8243; _module_preset=&#8221;default&#8221; _unique_id=&#8221;2d92bd5e-ee3c-4485-a570-ad8a581587cd&#8221; custom_button=&#8221;on&#8221; button_text_size=&#8221;18px&#8221; button_text_color=&#8221;#ffffff&#8221; button_bg_color=&#8221;#e73544&#8243; button_border_width=&#8221;0px&#8221; button_border_radius=&#8221;40px&#8221; button_icon=&#8221;&#x35;||divi||400&#8243; button_on_hover=&#8221;off&#8221; button_custom_padding=&#8221;20px|48px|20px|48px|true|true&#8221; button_custom_padding_tablet=&#8221;16px|40px|16px|40px|true|true&#8221; button_custom_padding_phone=&#8221;16px|40px|16px|40px|true|true&#8221; button_custom_padding_last_edited=&#8221;on|tablet&#8221; button_text_size_tablet=&#8221;16px&#8221; button_text_size_phone=&#8221;16px&#8221; button_text_size_last_edited=&#8221;on|tablet&#8221; global_colors_info=&#8221;{}&#8221; button_bg_color__hover_enabled=&#8221;on|hover&#8221; button_bg_color__hover=&#8221;#191819&#8243; button_bg_enable_color__hover=&#8221;on&#8221;][et_pb_contact_field field_id=&#8221;Name&#8221; field_title=&#8221;Nazwa&#8221; _builder_version=&#8221;4.16&#8243; global_colors_info=&#8221;{}&#8221; button_text_size__hover_enabled=&#8221;off&#8221; button_one_text_size__hover_enabled=&#8221;off&#8221; button_two_text_size__hover_enabled=&#8221;off&#8221; button_text_color__hover_enabled=&#8221;off&#8221; button_one_text_color__hover_enabled=&#8221;off&#8221; button_two_text_color__hover_enabled=&#8221;off&#8221; button_border_width__hover_enabled=&#8221;off&#8221; button_one_border_width__hover_enabled=&#8221;off&#8221; button_two_border_width__hover_enabled=&#8221;off&#8221; button_border_color__hover_enabled=&#8221;off&#8221; button_one_border_color__hover_enabled=&#8221;off&#8221; button_two_border_color__hover_enabled=&#8221;off&#8221; button_border_radius__hover_enabled=&#8221;off&#8221; button_one_border_radius__hover_enabled=&#8221;off&#8221; button_two_border_radius__hover_enabled=&#8221;off&#8221; button_letter_spacing__hover_enabled=&#8221;off&#8221; button_one_letter_spacing__hover_enabled=&#8221;off&#8221; button_two_letter_spacing__hover_enabled=&#8221;off&#8221; button_bg_color__hover_enabled=&#8221;off&#8221; button_one_bg_color__hover_enabled=&#8221;off&#8221; button_two_bg_color__hover_enabled=&#8221;off&#8221;][\/et_pb_contact_field][et_pb_contact_field field_id=&#8221;Email&#8221; field_title=&#8221;Adres e-mail&#8221; field_type=&#8221;email&#8221; _builder_version=&#8221;4.26.0&#8243; global_colors_info=&#8221;{}&#8221; button_text_size__hover_enabled=&#8221;off&#8221; button_one_text_size__hover_enabled=&#8221;off&#8221; button_two_text_size__hover_enabled=&#8221;off&#8221; button_text_color__hover_enabled=&#8221;off&#8221; button_one_text_color__hover_enabled=&#8221;off&#8221; button_two_text_color__hover_enabled=&#8221;off&#8221; button_border_width__hover_enabled=&#8221;off&#8221; button_one_border_width__hover_enabled=&#8221;off&#8221; button_two_border_width__hover_enabled=&#8221;off&#8221; button_border_color__hover_enabled=&#8221;off&#8221; button_one_border_color__hover_enabled=&#8221;off&#8221; button_two_border_color__hover_enabled=&#8221;off&#8221; button_border_radius__hover_enabled=&#8221;off&#8221; button_one_border_radius__hover_enabled=&#8221;off&#8221; button_two_border_radius__hover_enabled=&#8221;off&#8221; button_letter_spacing__hover_enabled=&#8221;off&#8221; button_one_letter_spacing__hover_enabled=&#8221;off&#8221; button_two_letter_spacing__hover_enabled=&#8221;off&#8221; button_bg_color__hover_enabled=&#8221;off&#8221; button_one_bg_color__hover_enabled=&#8221;off&#8221; button_two_bg_color__hover_enabled=&#8221;off&#8221;][\/et_pb_contact_field][et_pb_contact_field field_id=&#8221;Message&#8221; field_title=&#8221;Wiadomo\u015b\u0107&#8221; field_type=&#8221;text&#8221; fullwidth_field=&#8221;on&#8221; _builder_version=&#8221;4.16&#8243; global_colors_info=&#8221;{}&#8221; button_text_size__hover_enabled=&#8221;off&#8221; button_one_text_size__hover_enabled=&#8221;off&#8221; button_two_text_size__hover_enabled=&#8221;off&#8221; button_text_color__hover_enabled=&#8221;off&#8221; button_one_text_color__hover_enabled=&#8221;off&#8221; button_two_text_color__hover_enabled=&#8221;off&#8221; button_border_width__hover_enabled=&#8221;off&#8221; button_one_border_width__hover_enabled=&#8221;off&#8221; button_two_border_width__hover_enabled=&#8221;off&#8221; button_border_color__hover_enabled=&#8221;off&#8221; button_one_border_color__hover_enabled=&#8221;off&#8221; button_two_border_color__hover_enabled=&#8221;off&#8221; button_border_radius__hover_enabled=&#8221;off&#8221; button_one_border_radius__hover_enabled=&#8221;off&#8221; button_two_border_radius__hover_enabled=&#8221;off&#8221; button_letter_spacing__hover_enabled=&#8221;off&#8221; button_one_letter_spacing__hover_enabled=&#8221;off&#8221; button_two_letter_spacing__hover_enabled=&#8221;off&#8221; button_bg_color__hover_enabled=&#8221;off&#8221; button_one_bg_color__hover_enabled=&#8221;off&#8221; button_two_bg_color__hover_enabled=&#8221;off&#8221;][\/et_pb_contact_field][\/et_pb_contact_form][\/et_pb_column][\/et_pb_row][et_pb_row custom_padding_last_edited=&#8221;off|desktop&#8221; _builder_version=&#8221;4.27.3&#8243; _module_preset=&#8221;default&#8221; custom_padding=&#8221;0px||0px||false|false&#8221; custom_padding_tablet=&#8221;80px||0px||false|false&#8221; custom_padding_phone=&#8221;64px||||false|false&#8221; global_colors_info=&#8221;{}&#8221;][et_pb_column type=&#8221;4_4&#8243; _builder_version=&#8221;4.23.1&#8243; _module_preset=&#8221;default&#8221; pac_dcm_carousel_specific_module_num=&#8221;0&#8243; global_colors_info=&#8221;{}&#8221;][et_pb_code _builder_version=&#8221;4.27.3&#8243; _module_preset=&#8221;default&#8221; global_colors_info=&#8221;{}&#8221;]<iframe src=\"https:\/\/www.google.com\/maps\/embed?pb=!1m18!1m12!1m3!1d609.4702410463813!2d16.103123093099793!3d52.336305542411054!2m3!1f0!2f0!3f0!3m2!1i1024!2i768!4f13.1!3m3!1m2!1s0x47042a649a556951%3A0x5c532c4a5e0838ca!2sPAL-GAZ!5e0!3m2!1spl!2spl!4v1756988273669!5m2!1spl!2spl\" width=\"100%\" height=\"450\" style=\"border:0;\" allowfullscreen=\"\" loading=\"lazy\" referrerpolicy=\"no-referrer-when-downgrade\"><\/iframe>[\/et_pb_code][\/et_pb_column][\/et_pb_row][\/et_pb_section]<\/p>\n","protected":false},"excerpt":{"rendered":"<p>Przy\u0142\u0119k 25A, 64-300 Nowy Tomy\u015bl(061) 44 25 036 \/\u00a0(061) 44 25 037biuro@palgaz.com.plserwis@palgaz.com.ploferty@palgaz.com.pl<\/p>","protected":false},"author":1,"featured_media":0,"parent":0,"menu_order":0,"comment_status":"closed","ping_status":"closed","template":"","meta":{"_acf_changed":false,"_et_pb_use_builder":"on","_et_pb_old_content":"<!-- wp:divi\/placeholder \/-->","_et_gb_content_width":"","inline_featured_image":false,"footnotes":""},"class_list":["post-670","page","type-page","status-publish","hentry"],"acf":[],"yoast_head":"<!-- This site is optimized with the Yoast SEO plugin v26.9 - https:\/\/yoast.com\/product\/yoast-seo-wordpress\/ -->\n<title>Kontakt - PAL-GAZ<\/title>\n<meta name=\"robots\" content=\"index, follow, max-snippet:-1, max-image-preview:large, max-video-preview:-1\" \/>\n<link rel=\"canonical\" href=\"https:\/\/palgaz.com.pl\/de\/kontakt\/\" \/>\n<meta property=\"og:locale\" content=\"de_DE\" \/>\n<meta property=\"og:type\" content=\"article\" \/>\n<meta property=\"og:title\" content=\"Kontakt - PAL-GAZ\" \/>\n<meta property=\"og:description\" content=\"Przy\u0142\u0119k 25A, 64-300 Nowy Tomy\u015bl(061) 44 25 036 \/\u00a0(061) 44 25 037biuro@palgaz.com.plserwis@palgaz.com.ploferty@palgaz.com.pl\" \/>\n<meta property=\"og:url\" content=\"https:\/\/palgaz.com.pl\/de\/kontakt\/\" \/>\n<meta property=\"og:site_name\" content=\"PAL-GAZ\" \/>\n<meta property=\"article:modified_time\" content=\"2025-10-01T14:03:48+00:00\" \/>\n<meta name=\"twitter:card\" content=\"summary_large_image\" \/>\n<script type=\"application\/ld+json\" class=\"yoast-schema-graph\">{\"@context\":\"https:\/\/schema.org\",\"@graph\":[{\"@type\":\"WebPage\",\"@id\":\"https:\/\/palgaz.com.pl\/kontakt\/\",\"url\":\"https:\/\/palgaz.com.pl\/kontakt\/\",\"name\":\"Kontakt - PAL-GAZ\",\"isPartOf\":{\"@id\":\"https:\/\/palgaz.com.pl\/#website\"},\"datePublished\":\"2023-11-30T11:42:33+00:00\",\"dateModified\":\"2025-10-01T14:03:48+00:00\",\"breadcrumb\":{\"@id\":\"https:\/\/palgaz.com.pl\/kontakt\/#breadcrumb\"},\"inLanguage\":\"de\",\"potentialAction\":[{\"@type\":\"ReadAction\",\"target\":[\"https:\/\/palgaz.com.pl\/kontakt\/\"]}]},{\"@type\":\"BreadcrumbList\",\"@id\":\"https:\/\/palgaz.com.pl\/kontakt\/#breadcrumb\",\"itemListElement\":[{\"@type\":\"ListItem\",\"position\":1,\"name\":\"Strona g\u0142\u00f3wna\",\"item\":\"https:\/\/palgaz.com.pl\/\"},{\"@type\":\"ListItem\",\"position\":2,\"name\":\"Kontakt\"}]},{\"@type\":\"WebSite\",\"@id\":\"https:\/\/palgaz.com.pl\/#website\",\"url\":\"https:\/\/palgaz.com.pl\/\",\"name\":\"PAL-GAZ\",\"description\":\"Posadzki Przemys\u0142owe\",\"potentialAction\":[{\"@type\":\"SearchAction\",\"target\":{\"@type\":\"EntryPoint\",\"urlTemplate\":\"https:\/\/palgaz.com.pl\/?s={search_term_string}\"},\"query-input\":{\"@type\":\"PropertyValueSpecification\",\"valueRequired\":true,\"valueName\":\"search_term_string\"}}],\"inLanguage\":\"de\"}]}<\/script>\n<!-- \/ Yoast SEO plugin. -->","yoast_head_json":{"title":"Kontakt - PAL-GAZ","robots":{"index":"index","follow":"follow","max-snippet":"max-snippet:-1","max-image-preview":"max-image-preview:large","max-video-preview":"max-video-preview:-1"},"canonical":"https:\/\/palgaz.com.pl\/de\/kontakt\/","og_locale":"de_DE","og_type":"article","og_title":"Kontakt - PAL-GAZ","og_description":"Przy\u0142\u0119k 25A, 64-300 Nowy Tomy\u015bl(061) 44 25 036 \/\u00a0(061) 44 25 037biuro@palgaz.com.plserwis@palgaz.com.ploferty@palgaz.com.pl","og_url":"https:\/\/palgaz.com.pl\/de\/kontakt\/","og_site_name":"PAL-GAZ","article_modified_time":"2025-10-01T14:03:48+00:00","twitter_card":"summary_large_image","schema":{"@context":"https:\/\/schema.org","@graph":[{"@type":"WebPage","@id":"https:\/\/palgaz.com.pl\/kontakt\/","url":"https:\/\/palgaz.com.pl\/kontakt\/","name":"Kontakt - PAL-GAZ","isPartOf":{"@id":"https:\/\/palgaz.com.pl\/#website"},"datePublished":"2023-11-30T11:42:33+00:00","dateModified":"2025-10-01T14:03:48+00:00","breadcrumb":{"@id":"https:\/\/palgaz.com.pl\/kontakt\/#breadcrumb"},"inLanguage":"de","potentialAction":[{"@type":"ReadAction","target":["https:\/\/palgaz.com.pl\/kontakt\/"]}]},{"@type":"BreadcrumbList","@id":"https:\/\/palgaz.com.pl\/kontakt\/#breadcrumb","itemListElement":[{"@type":"ListItem","position":1,"name":"Strona g\u0142\u00f3wna","item":"https:\/\/palgaz.com.pl\/"},{"@type":"ListItem","position":2,"name":"Kontakt"}]},{"@type":"WebSite","@id":"https:\/\/palgaz.com.pl\/#website","url":"https:\/\/palgaz.com.pl\/","name":"PAL-GAZ","description":"Posadzki Przemys\u0142owe","potentialAction":[{"@type":"SearchAction","target":{"@type":"EntryPoint","urlTemplate":"https:\/\/palgaz.com.pl\/?s={search_term_string}"},"query-input":{"@type":"PropertyValueSpecification","valueRequired":true,"valueName":"search_term_string"}}],"inLanguage":"de"}]}},"_links":{"self":[{"href":"https:\/\/palgaz.com.pl\/de\/wp-json\/wp\/v2\/pages\/670","targetHints":{"allow":["GET"]}}],"collection":[{"href":"https:\/\/palgaz.com.pl\/de\/wp-json\/wp\/v2\/pages"}],"about":[{"href":"https:\/\/palgaz.com.pl\/de\/wp-json\/wp\/v2\/types\/page"}],"author":[{"embeddable":true,"href":"https:\/\/palgaz.com.pl\/de\/wp-json\/wp\/v2\/users\/1"}],"replies":[{"embeddable":true,"href":"https:\/\/palgaz.com.pl\/de\/wp-json\/wp\/v2\/comments?post=670"}],"version-history":[{"count":44,"href":"https:\/\/palgaz.com.pl\/de\/wp-json\/wp\/v2\/pages\/670\/revisions"}],"predecessor-version":[{"id":1515,"href":"https:\/\/palgaz.com.pl\/de\/wp-json\/wp\/v2\/pages\/670\/revisions\/1515"}],"wp:attachment":[{"href":"https:\/\/palgaz.com.pl\/de\/wp-json\/wp\/v2\/media?parent=670"}],"curies":[{"name":"wp","href":"https:\/\/api.w.org\/{rel}","templated":true}]}}