{"id":1496,"date":"2025-10-01T13:41:53","date_gmt":"2025-10-01T13:41:53","guid":{"rendered":"https:\/\/palgaz.com.pl\/?page_id=1496"},"modified":"2025-10-03T11:49:11","modified_gmt":"2025-10-03T11:49:11","slug":"serwis","status":"publish","type":"page","link":"https:\/\/palgaz.com.pl\/en\/serwis\/","title":{"rendered":"Serwis posadzek"},"content":{"rendered":"<p>[et_pb_section fb_built=&#8221;1&#8243; custom_padding_last_edited=&#8221;on|phone&#8221; _builder_version=&#8221;4.27.3&#8243; _module_preset=&#8221;default&#8221; custom_padding=&#8221;120px||120px||true|false&#8221; custom_padding_tablet=&#8221;80px||80px||true|false&#8221; custom_padding_phone=&#8221;64px||64px||true|false&#8221; global_colors_info=&#8221;{}&#8221;][et_pb_row _builder_version=&#8221;4.27.3&#8243; _module_preset=&#8221;default&#8221; custom_padding=&#8221;0px||0px||false|false&#8221; global_colors_info=&#8221;{}&#8221;][et_pb_column type=&#8221;4_4&#8243; _builder_version=&#8221;4.27.3&#8243; _module_preset=&#8221;default&#8221; pac_dcm_carousel_specific_module_num=&#8221;0&#8243; global_colors_info=&#8221;{}&#8221;][et_pb_tabs module_id=&#8221;oferta&#8221; module_class=&#8221;vertical-tabs1&#8243; _builder_version=&#8221;4.27.4&#8243; _module_preset=&#8221;default&#8221; body_font_size=&#8221;18px&#8221; body_line_height=&#8221;26px&#8221; hover_enabled=&#8221;0&#8243; body_font_size_tablet=&#8221;16px&#8221; body_font_size_phone=&#8221;16px&#8221; body_font_size_last_edited=&#8221;on|tablet&#8221; body_line_height_tablet=&#8221;24px&#8221; body_line_height_phone=&#8221;24px&#8221; body_line_height_last_edited=&#8221;on|tablet&#8221; global_colors_info=&#8221;{}&#8221; sticky_enabled=&#8221;0&#8243;][et_pb_tab title=&#8221;Serwis posadzek&#8221; _builder_version=&#8221;4.27.4&#8243; _module_preset=&#8221;default&#8221; body_font=&#8221;Ubuntu||||||||&#8221; tab_font=&#8221;Ubuntu||||||||&#8221; hover_enabled=&#8221;0&#8243; global_colors_info=&#8221;{}&#8221; sticky_enabled=&#8221;0&#8243;]<\/p>\n<p><img loading=\"lazy\" decoding=\"async\" src=\"https:\/\/palgaz.com.pl\/wp-content\/uploads\/2025\/10\/2.7-scaled.jpg\" width=\"2560\" height=\"1244\" alt=\"\" class=\"wp-image-1523 alignnone size-full\" srcset=\"https:\/\/palgaz.com.pl\/wp-content\/uploads\/2025\/10\/2.7-scaled.jpg 2560w, https:\/\/palgaz.com.pl\/wp-content\/uploads\/2025\/10\/2.7-1280x622.jpg 1280w, https:\/\/palgaz.com.pl\/wp-content\/uploads\/2025\/10\/2.7-980x476.jpg 980w, https:\/\/palgaz.com.pl\/wp-content\/uploads\/2025\/10\/2.7-480x233.jpg 480w\" sizes=\"(min-width: 0px) and (max-width: 480px) 480px, (min-width: 481px) and (max-width: 980px) 980px, (min-width: 981px) and (max-width: 1280px) 1280px, (min-width: 1281px) 2560px, 100vw\" \/><\/p>\n<p><img decoding=\"async\" src=\"https:\/\/palgaz.com.pl\/wp-content\/uploads\/2023\/11\/img_sq.svg\" alt=\"\" class=\"sq\" \/><\/p>\n<p><em>Kompleksowa i\u00a0profesjonalna obs\u0142uga poprzedzona wizj\u0105 lokaln\u0105 <\/em><em>i\u00a0doborem odpowiedniej technologii naprawy i\u00a0regeneracji posadzek <\/em><em>w\u00a0zakresie:<\/em><\/p>\n<p><strong>Naprawa uszkodze\u0144 mechanicznych, wykrusze\u0144 oraz\u00a0wype\u0142nianie otwor\u00f3wpo kotwach.<\/strong>\u00a0 \u00a0 \u00a0 \u00a0 \u00a0 \u00a0 \u00a0 \u00a0 \u00a0 \u00a0 \u00a0 \u00a0 \u00a0 \u00a0 \u00a0 \u00a0 <em>Naprawa wszelkiego rodzaju uszkodze\u0144 betonu, takich jak wykruszenia czy\u00a0ubytki, zwi\u0105zanych z\u00a0eksploatacj\u0105 posadzek.<\/em><\/p>\n<p><em><\/em><\/p>\n<p><strong>-Szycie i wype\u0142nianie p\u0119kni\u0119\u0107 posadzek.<br \/>Trwa\u0142e i\u00a0niezawodne naprawy p\u0119kni\u0119\u0107 wraz z\u00a0doborem specjalistycznych<br \/>materia\u0142\u00f3w, dedykowanych do\u00a0realizacji poszczeg\u00f3lnych zada\u0144.<\/strong><\/p>\n<p><strong>-Likwidacja klawiszowania p\u0142yt betonowych przez iniekcj\u0119.<br \/>Skuteczna stabilizacja s\u0105siaduj\u0105cych p\u0142yt betonowych z\u00a0zastosowaniem iniekcji<br \/>ci\u015bnieniowej.<\/strong><\/p>\n<p><strong>-Wype\u0142nianie dylatacji ci\u0119tych i technologicznych.<br \/>Wype\u0142nianie dylatacji specjalistycznymi masami oraz\u00a0ewentualne naprawy<br \/>kraw\u0119dzi i\u00a0odtwarzanie wype\u0142nienia.<\/strong><\/p>\n<p><strong>-Korekta lokalnych nier\u00f3wno\u015bci.<br \/>Wyr\u00f3wnywanie posadzek poprzez u\u017cycie specjalistycznego sprz\u0119tu i\u00a0mas<br \/>naprawczych.<\/strong><\/p>\n<p><strong>-Obr\u00f3bka betonu.<br \/>Frezowanie, bruzdowanie, wycinanie w\u00a0celu dostosowania do\u00a0potrzeb Klienta<br \/>(np.: do\u00a0wymaga\u0144 linii technologicznych).<\/strong><\/p>\n<p><strong>-Usuwanie plam po p\u0142ynach.<br \/>Likwidacja plam powsta\u0142ych przez\u00a0rozlanie p\u0142yn\u00f3w eksploatacyjnych i\u00a0magazynowanych w\u00a0obiekcie.<\/strong><\/p>\n<p>&nbsp;<\/p>\n<p><em>To\u00a0nas wyr\u00f3\u017cnia:<\/em><\/p>\n<ul>\n<li><strong> Kompleksowa obs\u0142uga napraw i\u00a0regeneracji <\/strong><strong>Wizja lokalna<\/strong><br \/><strong><\/strong><\/li>\n<li><strong>Doradztwo i\u00a0indywidualne podej\u015bcie do\u00a0Klienta<\/strong><br \/><strong><\/strong><\/li>\n<li><strong>Dob\u00f3r odpowiedniej technologii<\/strong><br \/><strong><\/strong><\/li>\n<li><strong>Do\u015bwiadczeni Specjali\u015bci i\u00a0profesjonalny nadz\u00f3r in\u017cynierski<\/strong><br \/><strong><\/strong><\/li>\n<li><strong>Specjalistyczne materia\u0142y<\/strong><br \/><strong><\/strong><\/li>\n<li><strong>Szybka realizacja<\/strong><br \/><strong><\/strong><\/li>\n<li><strong>Gwarancja satysfakcji Klienta<\/strong><\/li>\n<\/ul>\n<p>[\/et_pb_tab][\/et_pb_tabs][\/et_pb_column][\/et_pb_row][\/et_pb_section]<\/p>\n","protected":false},"excerpt":{"rendered":"<p>Kompleksowa i\u00a0profesjonalna obs\u0142uga poprzedzona wizj\u0105 lokaln\u0105 i\u00a0doborem odpowiedniej technologii naprawy i\u00a0regeneracji posadzek w\u00a0zakresie: Naprawa uszkodze\u0144 mechanicznych, wykrusze\u0144 oraz\u00a0wype\u0142nianie otwor\u00f3wpo kotwach.\u00a0 \u00a0 \u00a0 \u00a0 \u00a0 \u00a0 \u00a0 \u00a0 \u00a0 \u00a0 \u00a0 \u00a0 \u00a0 \u00a0 \u00a0 \u00a0 Naprawa wszelkiego rodzaju uszkodze\u0144 betonu, takich jak wykruszenia czy\u00a0ubytki, zwi\u0105zanych z\u00a0eksploatacj\u0105 posadzek. -Szycie i wype\u0142nianie p\u0119kni\u0119\u0107 posadzek.Trwa\u0142e i\u00a0niezawodne naprawy p\u0119kni\u0119\u0107 [&hellip;]<\/p>\n","protected":false},"author":1,"featured_media":0,"parent":0,"menu_order":0,"comment_status":"closed","ping_status":"closed","template":"","meta":{"_acf_changed":false,"_et_pb_use_builder":"on","_et_pb_old_content":"","_et_gb_content_width":"","inline_featured_image":false,"footnotes":""},"class_list":["post-1496","page","type-page","status-publish","hentry"],"acf":[],"yoast_head":"<!-- This site is optimized with the Yoast SEO plugin v26.9 - https:\/\/yoast.com\/product\/yoast-seo-wordpress\/ -->\n<title>Serwis posadzek - PAL-GAZ<\/title>\n<meta name=\"robots\" content=\"index, follow, max-snippet:-1, max-image-preview:large, max-video-preview:-1\" \/>\n<link rel=\"canonical\" href=\"https:\/\/palgaz.com.pl\/en\/serwis\/\" \/>\n<meta property=\"og:locale\" content=\"en_GB\" \/>\n<meta property=\"og:type\" content=\"article\" \/>\n<meta property=\"og:title\" content=\"Serwis posadzek - PAL-GAZ\" \/>\n<meta property=\"og:description\" content=\"Kompleksowa i\u00a0profesjonalna obs\u0142uga poprzedzona wizj\u0105 lokaln\u0105 i\u00a0doborem odpowiedniej technologii naprawy i\u00a0regeneracji posadzek w\u00a0zakresie: Naprawa uszkodze\u0144 mechanicznych, wykrusze\u0144 oraz\u00a0wype\u0142nianie otwor\u00f3wpo kotwach.\u00a0 \u00a0 \u00a0 \u00a0 \u00a0 \u00a0 \u00a0 \u00a0 \u00a0 \u00a0 \u00a0 \u00a0 \u00a0 \u00a0 \u00a0 \u00a0 Naprawa wszelkiego rodzaju uszkodze\u0144 betonu, takich jak wykruszenia czy\u00a0ubytki, zwi\u0105zanych z\u00a0eksploatacj\u0105 posadzek. -Szycie i wype\u0142nianie p\u0119kni\u0119\u0107 posadzek.Trwa\u0142e i\u00a0niezawodne naprawy p\u0119kni\u0119\u0107 [&hellip;]\" \/>\n<meta property=\"og:url\" content=\"https:\/\/palgaz.com.pl\/en\/serwis\/\" \/>\n<meta property=\"og:site_name\" content=\"PAL-GAZ\" \/>\n<meta property=\"article:modified_time\" content=\"2025-10-03T11:49:11+00:00\" \/>\n<meta property=\"og:image\" content=\"https:\/\/palgaz.com.pl\/wp-content\/uploads\/2025\/10\/2.7-scaled.jpg\" \/>\n\t<meta property=\"og:image:width\" content=\"2560\" \/>\n\t<meta property=\"og:image:height\" content=\"1244\" \/>\n\t<meta property=\"og:image:type\" content=\"image\/jpeg\" \/>\n<meta name=\"twitter:card\" content=\"summary_large_image\" \/>\n<meta name=\"twitter:label1\" content=\"Estimated reading time\" \/>\n\t<meta name=\"twitter:data1\" content=\"2 minutes\" \/>\n<script type=\"application\/ld+json\" class=\"yoast-schema-graph\">{\"@context\":\"https:\/\/schema.org\",\"@graph\":[{\"@type\":\"WebPage\",\"@id\":\"https:\/\/palgaz.com.pl\/serwis\/\",\"url\":\"https:\/\/palgaz.com.pl\/serwis\/\",\"name\":\"Serwis posadzek - PAL-GAZ\",\"isPartOf\":{\"@id\":\"https:\/\/palgaz.com.pl\/#website\"},\"primaryImageOfPage\":{\"@id\":\"https:\/\/palgaz.com.pl\/serwis\/#primaryimage\"},\"image\":{\"@id\":\"https:\/\/palgaz.com.pl\/serwis\/#primaryimage\"},\"thumbnailUrl\":\"https:\/\/palgaz.com.pl\/wp-content\/uploads\/2025\/10\/2.7-scaled.jpg\",\"datePublished\":\"2025-10-01T13:41:53+00:00\",\"dateModified\":\"2025-10-03T11:49:11+00:00\",\"breadcrumb\":{\"@id\":\"https:\/\/palgaz.com.pl\/serwis\/#breadcrumb\"},\"inLanguage\":\"en-GB\",\"potentialAction\":[{\"@type\":\"ReadAction\",\"target\":[\"https:\/\/palgaz.com.pl\/serwis\/\"]}]},{\"@type\":\"ImageObject\",\"inLanguage\":\"en-GB\",\"@id\":\"https:\/\/palgaz.com.pl\/serwis\/#primaryimage\",\"url\":\"https:\/\/palgaz.com.pl\/wp-content\/uploads\/2025\/10\/2.7-scaled.jpg\",\"contentUrl\":\"https:\/\/palgaz.com.pl\/wp-content\/uploads\/2025\/10\/2.7-scaled.jpg\"},{\"@type\":\"BreadcrumbList\",\"@id\":\"https:\/\/palgaz.com.pl\/serwis\/#breadcrumb\",\"itemListElement\":[{\"@type\":\"ListItem\",\"position\":1,\"name\":\"Strona g\u0142\u00f3wna\",\"item\":\"https:\/\/palgaz.com.pl\/\"},{\"@type\":\"ListItem\",\"position\":2,\"name\":\"Serwis posadzek\"}]},{\"@type\":\"WebSite\",\"@id\":\"https:\/\/palgaz.com.pl\/#website\",\"url\":\"https:\/\/palgaz.com.pl\/\",\"name\":\"PAL-GAZ\",\"description\":\"Posadzki Przemys\u0142owe\",\"potentialAction\":[{\"@type\":\"SearchAction\",\"target\":{\"@type\":\"EntryPoint\",\"urlTemplate\":\"https:\/\/palgaz.com.pl\/?s={search_term_string}\"},\"query-input\":{\"@type\":\"PropertyValueSpecification\",\"valueRequired\":true,\"valueName\":\"search_term_string\"}}],\"inLanguage\":\"en-GB\"}]}<\/script>\n<!-- \/ Yoast SEO plugin. -->","yoast_head_json":{"title":"Serwis posadzek - PAL-GAZ","robots":{"index":"index","follow":"follow","max-snippet":"max-snippet:-1","max-image-preview":"max-image-preview:large","max-video-preview":"max-video-preview:-1"},"canonical":"https:\/\/palgaz.com.pl\/en\/serwis\/","og_locale":"en_GB","og_type":"article","og_title":"Serwis posadzek - PAL-GAZ","og_description":"Kompleksowa i\u00a0profesjonalna obs\u0142uga poprzedzona wizj\u0105 lokaln\u0105 i\u00a0doborem odpowiedniej technologii naprawy i\u00a0regeneracji posadzek w\u00a0zakresie: Naprawa uszkodze\u0144 mechanicznych, wykrusze\u0144 oraz\u00a0wype\u0142nianie otwor\u00f3wpo kotwach.\u00a0 \u00a0 \u00a0 \u00a0 \u00a0 \u00a0 \u00a0 \u00a0 \u00a0 \u00a0 \u00a0 \u00a0 \u00a0 \u00a0 \u00a0 \u00a0 Naprawa wszelkiego rodzaju uszkodze\u0144 betonu, takich jak wykruszenia czy\u00a0ubytki, zwi\u0105zanych z\u00a0eksploatacj\u0105 posadzek. -Szycie i wype\u0142nianie p\u0119kni\u0119\u0107 posadzek.Trwa\u0142e i\u00a0niezawodne naprawy p\u0119kni\u0119\u0107 [&hellip;]","og_url":"https:\/\/palgaz.com.pl\/en\/serwis\/","og_site_name":"PAL-GAZ","article_modified_time":"2025-10-03T11:49:11+00:00","og_image":[{"width":2560,"height":1244,"url":"https:\/\/palgaz.com.pl\/wp-content\/uploads\/2025\/10\/2.7-scaled.jpg","type":"image\/jpeg"}],"twitter_card":"summary_large_image","twitter_misc":{"Estimated reading time":"2 minutes"},"schema":{"@context":"https:\/\/schema.org","@graph":[{"@type":"WebPage","@id":"https:\/\/palgaz.com.pl\/serwis\/","url":"https:\/\/palgaz.com.pl\/serwis\/","name":"Serwis posadzek - PAL-GAZ","isPartOf":{"@id":"https:\/\/palgaz.com.pl\/#website"},"primaryImageOfPage":{"@id":"https:\/\/palgaz.com.pl\/serwis\/#primaryimage"},"image":{"@id":"https:\/\/palgaz.com.pl\/serwis\/#primaryimage"},"thumbnailUrl":"https:\/\/palgaz.com.pl\/wp-content\/uploads\/2025\/10\/2.7-scaled.jpg","datePublished":"2025-10-01T13:41:53+00:00","dateModified":"2025-10-03T11:49:11+00:00","breadcrumb":{"@id":"https:\/\/palgaz.com.pl\/serwis\/#breadcrumb"},"inLanguage":"en-GB","potentialAction":[{"@type":"ReadAction","target":["https:\/\/palgaz.com.pl\/serwis\/"]}]},{"@type":"ImageObject","inLanguage":"en-GB","@id":"https:\/\/palgaz.com.pl\/serwis\/#primaryimage","url":"https:\/\/palgaz.com.pl\/wp-content\/uploads\/2025\/10\/2.7-scaled.jpg","contentUrl":"https:\/\/palgaz.com.pl\/wp-content\/uploads\/2025\/10\/2.7-scaled.jpg"},{"@type":"BreadcrumbList","@id":"https:\/\/palgaz.com.pl\/serwis\/#breadcrumb","itemListElement":[{"@type":"ListItem","position":1,"name":"Strona g\u0142\u00f3wna","item":"https:\/\/palgaz.com.pl\/"},{"@type":"ListItem","position":2,"name":"Serwis posadzek"}]},{"@type":"WebSite","@id":"https:\/\/palgaz.com.pl\/#website","url":"https:\/\/palgaz.com.pl\/","name":"PAL-GAZ","description":"Posadzki Przemys\u0142owe","potentialAction":[{"@type":"SearchAction","target":{"@type":"EntryPoint","urlTemplate":"https:\/\/palgaz.com.pl\/?s={search_term_string}"},"query-input":{"@type":"PropertyValueSpecification","valueRequired":true,"valueName":"search_term_string"}}],"inLanguage":"en-GB"}]}},"_links":{"self":[{"href":"https:\/\/palgaz.com.pl\/en\/wp-json\/wp\/v2\/pages\/1496","targetHints":{"allow":["GET"]}}],"collection":[{"href":"https:\/\/palgaz.com.pl\/en\/wp-json\/wp\/v2\/pages"}],"about":[{"href":"https:\/\/palgaz.com.pl\/en\/wp-json\/wp\/v2\/types\/page"}],"author":[{"embeddable":true,"href":"https:\/\/palgaz.com.pl\/en\/wp-json\/wp\/v2\/users\/1"}],"replies":[{"embeddable":true,"href":"https:\/\/palgaz.com.pl\/en\/wp-json\/wp\/v2\/comments?post=1496"}],"version-history":[{"count":30,"href":"https:\/\/palgaz.com.pl\/en\/wp-json\/wp\/v2\/pages\/1496\/revisions"}],"predecessor-version":[{"id":1580,"href":"https:\/\/palgaz.com.pl\/en\/wp-json\/wp\/v2\/pages\/1496\/revisions\/1580"}],"wp:attachment":[{"href":"https:\/\/palgaz.com.pl\/en\/wp-json\/wp\/v2\/media?parent=1496"}],"curies":[{"name":"wp","href":"https:\/\/api.w.org\/{rel}","templated":true}]}}