{"id":1552,"date":"2025-10-02T13:45:40","date_gmt":"2025-10-02T13:45:40","guid":{"rendered":"https:\/\/palgaz.com.pl\/?page_id=1552"},"modified":"2025-10-03T11:56:34","modified_gmt":"2025-10-03T11:56:34","slug":"vna","status":"publish","type":"page","link":"https:\/\/palgaz.com.pl\/en\/vna\/","title":{"rendered":"Dostosowanie do VNA"},"content":{"rendered":"<p>[et_pb_section fb_built=&#8221;1&#8243; custom_padding_last_edited=&#8221;on|phone&#8221; _builder_version=&#8221;4.27.3&#8243; _module_preset=&#8221;default&#8221; custom_padding=&#8221;120px||120px||true|false&#8221; custom_padding_tablet=&#8221;80px||80px||true|false&#8221; custom_padding_phone=&#8221;64px||64px||true|false&#8221; global_colors_info=&#8221;{}&#8221;][et_pb_row _builder_version=&#8221;4.27.3&#8243; _module_preset=&#8221;default&#8221; custom_padding=&#8221;0px||0px||false|false&#8221; global_colors_info=&#8221;{}&#8221;][et_pb_column type=&#8221;4_4&#8243; _builder_version=&#8221;4.27.3&#8243; _module_preset=&#8221;default&#8221; pac_dcm_carousel_specific_module_num=&#8221;0&#8243; global_colors_info=&#8221;{}&#8221;][et_pb_tabs module_id=&#8221;oferta&#8221; module_class=&#8221;vertical-tabs1&#8243; _builder_version=&#8221;4.27.4&#8243; _module_preset=&#8221;default&#8221; body_font_size=&#8221;18px&#8221; body_line_height=&#8221;26px&#8221; hover_enabled=&#8221;0&#8243; body_font_size_tablet=&#8221;16px&#8221; body_font_size_phone=&#8221;16px&#8221; body_font_size_last_edited=&#8221;on|tablet&#8221; body_line_height_tablet=&#8221;24px&#8221; body_line_height_phone=&#8221;24px&#8221; body_line_height_last_edited=&#8221;on|tablet&#8221; global_colors_info=&#8221;{}&#8221; sticky_enabled=&#8221;0&#8243;][et_pb_tab title=&#8221;Dostosowanie do\u00a0VNA&#8221; _builder_version=&#8221;4.27.4&#8243; _module_preset=&#8221;default&#8221; body_font=&#8221;Ubuntu||||||||&#8221; tab_font=&#8221;Ubuntu||||||||&#8221; hover_enabled=&#8221;0&#8243; global_colors_info=&#8221;{}&#8221; sticky_enabled=&#8221;0&#8243;]<\/p>\n<p><img loading=\"lazy\" decoding=\"async\" src=\"https:\/\/palgaz.com.pl\/wp-content\/uploads\/2025\/10\/Tlo.jpg\" width=\"1830\" height=\"882\" alt=\"\" class=\"wp-image-1540 alignnone size-full\" srcset=\"https:\/\/palgaz.com.pl\/wp-content\/uploads\/2025\/10\/Tlo.jpg 1830w, https:\/\/palgaz.com.pl\/wp-content\/uploads\/2025\/10\/Tlo-1280x617.jpg 1280w, https:\/\/palgaz.com.pl\/wp-content\/uploads\/2025\/10\/Tlo-980x472.jpg 980w, https:\/\/palgaz.com.pl\/wp-content\/uploads\/2025\/10\/Tlo-480x231.jpg 480w\" sizes=\"(min-width: 0px) and (max-width: 480px) 480px, (min-width: 481px) and (max-width: 980px) 980px, (min-width: 981px) and (max-width: 1280px) 1280px, (min-width: 1281px) 1830px, 100vw\" \/><\/p>\n<p><img decoding=\"async\" src=\"https:\/\/palgaz.com.pl\/wp-content\/uploads\/2023\/11\/img_sq.svg\" alt=\"\" class=\"sq\" \/><\/p>\n<p><em>Jednym z\u00a0kluczowych czynnik\u00f3w maj\u0105cych wp\u0142yw na\u00a0optymalizacj\u0119 pracy magazynu wysokiego sk\u0142adowania jest jako\u015b\u0107 posadzki przemys\u0142owej, po\u00a0kt\u00f3rej\u00a0poruszaj\u0105 si\u0119 w\u00f3zki wid\u0142owe z\u00a0podniesionymi \u0142adunkami w\u00a0alejkach mi\u0119dzyrega\u0142owych. Odpowiednie parametry p\u0142asko\u015bci i\u00a0r\u00f3wno\u015bci posadzki w\u00a0obszarach VNA (Very Narrow Aisle) okre\u015blaj\u0105 odpowiednie normy i\u00a0opracowania. Nasza firma \u015bwiadczy us\u0142ugi badania i\u00a0korygowania posadzek pod\u00a0k\u0105tem wymaga\u0144 normy DIN 15185 oraz\u00a0opracowa\u0144 TR 34 i\u00a0VDMA.<\/em><\/p>\n<p><strong>-Pierwszym etapem dostosowania posadzki do wymaga\u0144 normy lub opracowania jest pomiar odpowiednich parametr\u00f3w, zwi\u0105zanych z p\u0142asko\u015bci\u0105 i r\u00f3wno\u015bci\u0105 (wypoziomowaniem) posadzki.<\/strong><\/p>\n<p><strong>-Pomiar dokonywany jest specjalistycznymi urz\u0105dzeniami a wynikiem jest raport niegodno\u015bci.<\/strong><\/p>\n<p><strong>-W zale\u017cno\u015bci od uzyskanych wynik\u00f3w pomiaru dobierana jest technologia korekty posadzki.<\/strong><\/p>\n<p><strong>-Korekta posadzki polega na zeszlifowaniu miejsc wykraczaj\u0105cych ponad wymagane za\u0142o\u017cenia lub uzupe\u0142nieniu odpowiednim materia\u0142em miejsc zbyt zani\u017conych.<\/strong><\/p>\n<p><strong>-Zar\u00f3wno podczas pomiar\u00f3w jak i przy korekcie posadzki obecny jest nadz\u00f3r in\u017cynierski, kt\u00f3ry na bie\u017c\u0105co kontroluje jako\u015b\u0107 prac i efekt korekty.<\/strong><\/p>\n<p><strong>-Proces korekty posadzki zako\u0144czony jest ostatecznym pomiarem odpowiednich parametr\u00f3w oraz potwierdzonym raportem.<\/strong><\/p>\n<p><strong>-Podczas realizacji korekty posadzki nasi do\u015bwiadczeni Specjali\u015bci u\u017cywaj\u0105 profesjonalnego sprz\u0119tu, odpowiednio dobranego do wielko\u015bci niezgodno\u015bci.<\/strong><\/p>\n<p><strong>-Dzi\u0119ki temu prace przebiegaj\u0105 sprawnie i gwarantuj\u0105 jako\u015b\u0107 na najwy\u017cszym poziomie.<\/strong><\/p>\n<p>&nbsp;<\/p>\n<p><strong><em>To\u00a0nas wyr\u00f3\u017cnia:<\/em><\/strong><\/p>\n<ul>\n<li>Pomiar p\u0142asko\u015bci i\u00a0r\u00f3wno\u015bci posadzki<\/li>\n<li>Raport niezgodno\u015bci<\/li>\n<li>Dob\u00f3r odpowiedniej technologii<\/li>\n<li>Korekta posadzki<\/li>\n<li>Do\u015bwiadczeni Specjali\u015bci i\u00a0profesjonalny nadz\u00f3r in\u017cynierski<\/li>\n<li>Powykonawczy raport potwierdzaj\u0105cy zgodno\u015b\u0107 z\u00a0wymaganiami<\/li>\n<li>Szybka realizacja<\/li>\n<li>Gwarancja satysfakcji Klienta<\/li>\n<\/ul>\n<p>[\/et_pb_tab][\/et_pb_tabs][\/et_pb_column][\/et_pb_row][\/et_pb_section]<\/p>\n","protected":false},"excerpt":{"rendered":"<p>Jednym z\u00a0kluczowych czynnik\u00f3w maj\u0105cych wp\u0142yw na\u00a0optymalizacj\u0119 pracy magazynu wysokiego sk\u0142adowania jest jako\u015b\u0107 posadzki przemys\u0142owej, po\u00a0kt\u00f3rej\u00a0poruszaj\u0105 si\u0119 w\u00f3zki wid\u0142owe z\u00a0podniesionymi \u0142adunkami w\u00a0alejkach mi\u0119dzyrega\u0142owych. Odpowiednie parametry p\u0142asko\u015bci i\u00a0r\u00f3wno\u015bci posadzki w\u00a0obszarach VNA (Very Narrow Aisle) okre\u015blaj\u0105 odpowiednie normy i\u00a0opracowania. Nasza firma \u015bwiadczy us\u0142ugi badania i\u00a0korygowania posadzek pod\u00a0k\u0105tem wymaga\u0144 normy DIN 15185 oraz\u00a0opracowa\u0144 TR 34 i\u00a0VDMA. -Pierwszym etapem dostosowania [&hellip;]<\/p>\n","protected":false},"author":2,"featured_media":0,"parent":0,"menu_order":0,"comment_status":"closed","ping_status":"closed","template":"","meta":{"_acf_changed":false,"_et_pb_use_builder":"on","_et_pb_old_content":"","_et_gb_content_width":"","inline_featured_image":false,"footnotes":""},"class_list":["post-1552","page","type-page","status-publish","hentry"],"acf":[],"yoast_head":"<!-- This site is optimized with the Yoast SEO plugin v26.9 - https:\/\/yoast.com\/product\/yoast-seo-wordpress\/ -->\n<title>Dostosowanie do VNA - PAL-GAZ<\/title>\n<meta name=\"robots\" content=\"index, follow, max-snippet:-1, max-image-preview:large, max-video-preview:-1\" \/>\n<link rel=\"canonical\" href=\"https:\/\/palgaz.com.pl\/en\/vna\/\" \/>\n<meta property=\"og:locale\" content=\"en_GB\" \/>\n<meta property=\"og:type\" content=\"article\" \/>\n<meta property=\"og:title\" content=\"Dostosowanie do VNA - PAL-GAZ\" \/>\n<meta property=\"og:description\" content=\"Jednym z\u00a0kluczowych czynnik\u00f3w maj\u0105cych wp\u0142yw na\u00a0optymalizacj\u0119 pracy magazynu wysokiego sk\u0142adowania jest jako\u015b\u0107 posadzki przemys\u0142owej, po\u00a0kt\u00f3rej\u00a0poruszaj\u0105 si\u0119 w\u00f3zki wid\u0142owe z\u00a0podniesionymi \u0142adunkami w\u00a0alejkach mi\u0119dzyrega\u0142owych. Odpowiednie parametry p\u0142asko\u015bci i\u00a0r\u00f3wno\u015bci posadzki w\u00a0obszarach VNA (Very Narrow Aisle) okre\u015blaj\u0105 odpowiednie normy i\u00a0opracowania. Nasza firma \u015bwiadczy us\u0142ugi badania i\u00a0korygowania posadzek pod\u00a0k\u0105tem wymaga\u0144 normy DIN 15185 oraz\u00a0opracowa\u0144 TR 34 i\u00a0VDMA. -Pierwszym etapem dostosowania [&hellip;]\" \/>\n<meta property=\"og:url\" content=\"https:\/\/palgaz.com.pl\/en\/vna\/\" \/>\n<meta property=\"og:site_name\" content=\"PAL-GAZ\" \/>\n<meta property=\"article:modified_time\" content=\"2025-10-03T11:56:34+00:00\" \/>\n<meta property=\"og:image\" content=\"https:\/\/palgaz.com.pl\/wp-content\/uploads\/2025\/10\/Tlo.jpg\" \/>\n\t<meta property=\"og:image:width\" content=\"1830\" \/>\n\t<meta property=\"og:image:height\" content=\"882\" \/>\n\t<meta property=\"og:image:type\" content=\"image\/jpeg\" \/>\n<meta name=\"twitter:card\" content=\"summary_large_image\" \/>\n<meta name=\"twitter:label1\" content=\"Estimated reading time\" \/>\n\t<meta name=\"twitter:data1\" content=\"2 minutes\" \/>\n<script type=\"application\/ld+json\" class=\"yoast-schema-graph\">{\"@context\":\"https:\/\/schema.org\",\"@graph\":[{\"@type\":\"WebPage\",\"@id\":\"https:\/\/palgaz.com.pl\/vna\/\",\"url\":\"https:\/\/palgaz.com.pl\/vna\/\",\"name\":\"Dostosowanie do VNA - PAL-GAZ\",\"isPartOf\":{\"@id\":\"https:\/\/palgaz.com.pl\/#website\"},\"primaryImageOfPage\":{\"@id\":\"https:\/\/palgaz.com.pl\/vna\/#primaryimage\"},\"image\":{\"@id\":\"https:\/\/palgaz.com.pl\/vna\/#primaryimage\"},\"thumbnailUrl\":\"https:\/\/palgaz.com.pl\/wp-content\/uploads\/2025\/10\/Tlo.jpg\",\"datePublished\":\"2025-10-02T13:45:40+00:00\",\"dateModified\":\"2025-10-03T11:56:34+00:00\",\"breadcrumb\":{\"@id\":\"https:\/\/palgaz.com.pl\/vna\/#breadcrumb\"},\"inLanguage\":\"en-GB\",\"potentialAction\":[{\"@type\":\"ReadAction\",\"target\":[\"https:\/\/palgaz.com.pl\/vna\/\"]}]},{\"@type\":\"ImageObject\",\"inLanguage\":\"en-GB\",\"@id\":\"https:\/\/palgaz.com.pl\/vna\/#primaryimage\",\"url\":\"https:\/\/palgaz.com.pl\/wp-content\/uploads\/2025\/10\/Tlo.jpg\",\"contentUrl\":\"https:\/\/palgaz.com.pl\/wp-content\/uploads\/2025\/10\/Tlo.jpg\"},{\"@type\":\"BreadcrumbList\",\"@id\":\"https:\/\/palgaz.com.pl\/vna\/#breadcrumb\",\"itemListElement\":[{\"@type\":\"ListItem\",\"position\":1,\"name\":\"Strona g\u0142\u00f3wna\",\"item\":\"https:\/\/palgaz.com.pl\/\"},{\"@type\":\"ListItem\",\"position\":2,\"name\":\"Dostosowanie do VNA\"}]},{\"@type\":\"WebSite\",\"@id\":\"https:\/\/palgaz.com.pl\/#website\",\"url\":\"https:\/\/palgaz.com.pl\/\",\"name\":\"PAL-GAZ\",\"description\":\"Posadzki Przemys\u0142owe\",\"potentialAction\":[{\"@type\":\"SearchAction\",\"target\":{\"@type\":\"EntryPoint\",\"urlTemplate\":\"https:\/\/palgaz.com.pl\/?s={search_term_string}\"},\"query-input\":{\"@type\":\"PropertyValueSpecification\",\"valueRequired\":true,\"valueName\":\"search_term_string\"}}],\"inLanguage\":\"en-GB\"}]}<\/script>\n<!-- \/ Yoast SEO plugin. -->","yoast_head_json":{"title":"Dostosowanie do VNA - PAL-GAZ","robots":{"index":"index","follow":"follow","max-snippet":"max-snippet:-1","max-image-preview":"max-image-preview:large","max-video-preview":"max-video-preview:-1"},"canonical":"https:\/\/palgaz.com.pl\/en\/vna\/","og_locale":"en_GB","og_type":"article","og_title":"Dostosowanie do VNA - PAL-GAZ","og_description":"Jednym z\u00a0kluczowych czynnik\u00f3w maj\u0105cych wp\u0142yw na\u00a0optymalizacj\u0119 pracy magazynu wysokiego sk\u0142adowania jest jako\u015b\u0107 posadzki przemys\u0142owej, po\u00a0kt\u00f3rej\u00a0poruszaj\u0105 si\u0119 w\u00f3zki wid\u0142owe z\u00a0podniesionymi \u0142adunkami w\u00a0alejkach mi\u0119dzyrega\u0142owych. Odpowiednie parametry p\u0142asko\u015bci i\u00a0r\u00f3wno\u015bci posadzki w\u00a0obszarach VNA (Very Narrow Aisle) okre\u015blaj\u0105 odpowiednie normy i\u00a0opracowania. Nasza firma \u015bwiadczy us\u0142ugi badania i\u00a0korygowania posadzek pod\u00a0k\u0105tem wymaga\u0144 normy DIN 15185 oraz\u00a0opracowa\u0144 TR 34 i\u00a0VDMA. -Pierwszym etapem dostosowania [&hellip;]","og_url":"https:\/\/palgaz.com.pl\/en\/vna\/","og_site_name":"PAL-GAZ","article_modified_time":"2025-10-03T11:56:34+00:00","og_image":[{"width":1830,"height":882,"url":"https:\/\/palgaz.com.pl\/wp-content\/uploads\/2025\/10\/Tlo.jpg","type":"image\/jpeg"}],"twitter_card":"summary_large_image","twitter_misc":{"Estimated reading time":"2 minutes"},"schema":{"@context":"https:\/\/schema.org","@graph":[{"@type":"WebPage","@id":"https:\/\/palgaz.com.pl\/vna\/","url":"https:\/\/palgaz.com.pl\/vna\/","name":"Dostosowanie do VNA - PAL-GAZ","isPartOf":{"@id":"https:\/\/palgaz.com.pl\/#website"},"primaryImageOfPage":{"@id":"https:\/\/palgaz.com.pl\/vna\/#primaryimage"},"image":{"@id":"https:\/\/palgaz.com.pl\/vna\/#primaryimage"},"thumbnailUrl":"https:\/\/palgaz.com.pl\/wp-content\/uploads\/2025\/10\/Tlo.jpg","datePublished":"2025-10-02T13:45:40+00:00","dateModified":"2025-10-03T11:56:34+00:00","breadcrumb":{"@id":"https:\/\/palgaz.com.pl\/vna\/#breadcrumb"},"inLanguage":"en-GB","potentialAction":[{"@type":"ReadAction","target":["https:\/\/palgaz.com.pl\/vna\/"]}]},{"@type":"ImageObject","inLanguage":"en-GB","@id":"https:\/\/palgaz.com.pl\/vna\/#primaryimage","url":"https:\/\/palgaz.com.pl\/wp-content\/uploads\/2025\/10\/Tlo.jpg","contentUrl":"https:\/\/palgaz.com.pl\/wp-content\/uploads\/2025\/10\/Tlo.jpg"},{"@type":"BreadcrumbList","@id":"https:\/\/palgaz.com.pl\/vna\/#breadcrumb","itemListElement":[{"@type":"ListItem","position":1,"name":"Strona g\u0142\u00f3wna","item":"https:\/\/palgaz.com.pl\/"},{"@type":"ListItem","position":2,"name":"Dostosowanie do VNA"}]},{"@type":"WebSite","@id":"https:\/\/palgaz.com.pl\/#website","url":"https:\/\/palgaz.com.pl\/","name":"PAL-GAZ","description":"Posadzki Przemys\u0142owe","potentialAction":[{"@type":"SearchAction","target":{"@type":"EntryPoint","urlTemplate":"https:\/\/palgaz.com.pl\/?s={search_term_string}"},"query-input":{"@type":"PropertyValueSpecification","valueRequired":true,"valueName":"search_term_string"}}],"inLanguage":"en-GB"}]}},"_links":{"self":[{"href":"https:\/\/palgaz.com.pl\/en\/wp-json\/wp\/v2\/pages\/1552","targetHints":{"allow":["GET"]}}],"collection":[{"href":"https:\/\/palgaz.com.pl\/en\/wp-json\/wp\/v2\/pages"}],"about":[{"href":"https:\/\/palgaz.com.pl\/en\/wp-json\/wp\/v2\/types\/page"}],"author":[{"embeddable":true,"href":"https:\/\/palgaz.com.pl\/en\/wp-json\/wp\/v2\/users\/2"}],"replies":[{"embeddable":true,"href":"https:\/\/palgaz.com.pl\/en\/wp-json\/wp\/v2\/comments?post=1552"}],"version-history":[{"count":9,"href":"https:\/\/palgaz.com.pl\/en\/wp-json\/wp\/v2\/pages\/1552\/revisions"}],"predecessor-version":[{"id":1582,"href":"https:\/\/palgaz.com.pl\/en\/wp-json\/wp\/v2\/pages\/1552\/revisions\/1582"}],"wp:attachment":[{"href":"https:\/\/palgaz.com.pl\/en\/wp-json\/wp\/v2\/media?parent=1552"}],"curies":[{"name":"wp","href":"https:\/\/api.w.org\/{rel}","templated":true}]}}