{"id":1562,"date":"2025-10-02T14:12:07","date_gmt":"2025-10-02T14:12:07","guid":{"rendered":"https:\/\/palgaz.com.pl\/?page_id=1562"},"modified":"2025-10-02T14:12:28","modified_gmt":"2025-10-02T14:12:28","slug":"regeneracja-posadzek","status":"publish","type":"page","link":"https:\/\/palgaz.com.pl\/en\/regeneracja-posadzek\/","title":{"rendered":"Regeneracja posadzek"},"content":{"rendered":"<p>[et_pb_section fb_built=&#8221;1&#8243; custom_padding_last_edited=&#8221;on|phone&#8221; _builder_version=&#8221;4.27.3&#8243; _module_preset=&#8221;default&#8221; custom_padding=&#8221;120px||120px||true|false&#8221; custom_padding_tablet=&#8221;80px||80px||true|false&#8221; custom_padding_phone=&#8221;64px||64px||true|false&#8221; global_colors_info=&#8221;{}&#8221;][et_pb_row _builder_version=&#8221;4.27.3&#8243; _module_preset=&#8221;default&#8221; custom_padding=&#8221;0px||0px||false|false&#8221; global_colors_info=&#8221;{}&#8221;][et_pb_column type=&#8221;4_4&#8243; _builder_version=&#8221;4.27.3&#8243; _module_preset=&#8221;default&#8221; pac_dcm_carousel_specific_module_num=&#8221;0&#8243; global_colors_info=&#8221;{}&#8221;][et_pb_tabs module_id=&#8221;oferta&#8221; module_class=&#8221;vertical-tabs1&#8243; _builder_version=&#8221;4.27.3&#8243; _module_preset=&#8221;default&#8221; body_font_size=&#8221;18px&#8221; body_line_height=&#8221;26px&#8221; hover_enabled=&#8221;0&#8243; body_font_size_tablet=&#8221;16px&#8221; body_font_size_phone=&#8221;16px&#8221; body_font_size_last_edited=&#8221;on|tablet&#8221; body_line_height_tablet=&#8221;24px&#8221; body_line_height_phone=&#8221;24px&#8221; body_line_height_last_edited=&#8221;on|tablet&#8221; global_colors_info=&#8221;{}&#8221; sticky_enabled=&#8221;0&#8243;][et_pb_tab title=&#8221;Regeneracja posadzek&#8221; _builder_version=&#8221;4.27.3&#8243; _module_preset=&#8221;default&#8221; tab_font=&#8221;Ubuntu||||||||&#8221; global_colors_info=&#8221;{}&#8221;]<\/p>\n<p><img loading=\"lazy\" decoding=\"async\" src=\"https:\/\/palgaz.com.pl\/wp-content\/uploads\/2025\/10\/IMG_20250404_084606-scaled.jpg\" width=\"2560\" height=\"1920\" alt=\"\" class=\"wp-image-1530 alignnone size-full\" srcset=\"https:\/\/palgaz.com.pl\/wp-content\/uploads\/2025\/10\/IMG_20250404_084606-scaled.jpg 2560w, https:\/\/palgaz.com.pl\/wp-content\/uploads\/2025\/10\/IMG_20250404_084606-1280x960.jpg 1280w, https:\/\/palgaz.com.pl\/wp-content\/uploads\/2025\/10\/IMG_20250404_084606-980x735.jpg 980w, https:\/\/palgaz.com.pl\/wp-content\/uploads\/2025\/10\/IMG_20250404_084606-480x360.jpg 480w\" sizes=\"(min-width: 0px) and (max-width: 480px) 480px, (min-width: 481px) and (max-width: 980px) 980px, (min-width: 981px) and (max-width: 1280px) 1280px, (min-width: 1281px) 2560px, 100vw\" \/><\/p>\n<p><img decoding=\"async\" src=\"https:\/\/palgaz.com.pl\/wp-content\/uploads\/2023\/11\/img_sq.svg\" alt=\"\" class=\"sq\" \/><\/p>\n<p><em>Posadzki przemys\u0142owe podczas eksploatacji nara\u017cone s\u0105\u00a0na\u00a0zabrudzenia oraz\u00a0uszkodzenia mechaniczne. Dzi\u0119ki do\u015bwiadczonemu Zespo\u0142owi skutecznie dobieramy technologi\u0119 regeneracji oraz\u00a0nowoczesne maszyny, dzi\u0119ki kt\u00f3rym\u00a0dajemy posadzkom drug\u0105 m\u0142odo\u015b\u0107 oraz\u00a0przed\u0142u\u017camy ich \u017cywotno\u015b\u0107.<\/em><\/p>\n<p>&nbsp;<\/p>\n<p><strong>????<\/strong>W&nbsp;celu doboru odpowiedniej technologii i&nbsp;optymalizacji koszt\u00f3w us\u0142ugi poprzedzone s\u0105&nbsp;wizj\u0105 lokaln\u0105 do\u015bwiadczonego in\u017cyniera.<\/p>\n<p><strong>????<\/strong>Czyszczenie (doczyszczanie) polegaj\u0105ce na&nbsp;mechanicznym lub chemicznym usuwaniu zabrudze\u0144 z&nbsp;powierzchni posadzki, przy u\u017cyciu dedykowanych maszyn oraz&nbsp;urz\u0105dze\u0144. Technologie dostosowujemy do&nbsp;stanu posadzki oraz&nbsp;potrzeb klienta.<\/p>\n<p><strong>????<\/strong>Usuwanie oznacze\u0144 poziomych wynikaj\u0105ce z&nbsp;potrzeby wprowadzenia zmian organizacji ruchu lub odnowienia istniej\u0105cego oznakowania. Dzi\u0119ki mo\u017cliwo\u015bci zastosowania metody chemicznej lub mechanicznej jeste\u015bmy w&nbsp;stanie dobra\u0107<br \/>odpowiedni\u0105 technologi\u0119 i&nbsp;precyzyjnie usun\u0105\u0107 stare oznaczenia.<\/p>\n<p><strong>????<\/strong>Szlifowanie \/ polerowanie mechaniczne przy zastosowaniu techniki diamentowej pozwala w&nbsp;kr\u00f3tkim czasie usun\u0105\u0107 powierzchniowe zabrudzenia oraz&nbsp;drobne rysy powsta\u0142e podczas eksploatacji posadzki.<\/p>\n<p><strong>????<\/strong>Aby podnie\u015b\u0107 jako\u015b\u0107 regeneracji stosujemy impregnacj\u0119 posadzki dedykowanymi do&nbsp;tego \u015brodkami, kt\u00f3re dodatkowo zabezpieczaj\u0105 posadzk\u0119.<\/p>\n<p><strong>????<\/strong>Dzi\u0119ki zastosowaniu zaawansowanej technologii i&nbsp;profesjonalnych materia\u0142\u00f3w gwarantujemy szybk\u0105 realizacj\u0119 i&nbsp;zadowolenie Klienta.<\/p>\n<p>&nbsp;<\/p>\n<p><em>To\u00a0nas wyr\u00f3\u017cnia:<\/em><\/p>\n<ul>\n<li><strong> Wizja lokalna<\/strong><br \/><strong><\/strong><\/li>\n<li><strong>Czyszczenie (doczyszczanie)<\/strong><br \/><strong><\/strong><\/li>\n<li><strong>Usuwanie oznacze\u0144 poziomych<\/strong><br \/><strong><\/strong><\/li>\n<li><strong>Szlifowanie \/ polerowanie<\/strong><br \/><strong><\/strong><\/li>\n<li><strong>Impregnacja<\/strong><br \/><strong><\/strong><\/li>\n<li><strong>Szybka realizacja<\/strong><br \/><strong><\/strong><\/li>\n<li><strong>Gwarancja satysfakcji Klienta<\/strong><\/li>\n<\/ul>\n<p>[\/et_pb_tab][\/et_pb_tabs][\/et_pb_column][\/et_pb_row][\/et_pb_section]<\/p>\n","protected":false},"excerpt":{"rendered":"<p>Posadzki przemys\u0142owe podczas eksploatacji nara\u017cone s\u0105\u00a0na\u00a0zabrudzenia oraz\u00a0uszkodzenia mechaniczne. Dzi\u0119ki do\u015bwiadczonemu Zespo\u0142owi skutecznie dobieramy technologi\u0119 regeneracji oraz\u00a0nowoczesne maszyny, dzi\u0119ki kt\u00f3rym\u00a0dajemy posadzkom drug\u0105 m\u0142odo\u015b\u0107 oraz\u00a0przed\u0142u\u017camy ich \u017cywotno\u015b\u0107. &nbsp; ????W&nbsp;celu doboru odpowiedniej technologii i&nbsp;optymalizacji koszt\u00f3w us\u0142ugi poprzedzone s\u0105&nbsp;wizj\u0105 lokaln\u0105 do\u015bwiadczonego in\u017cyniera. ????Czyszczenie (doczyszczanie) polegaj\u0105ce na&nbsp;mechanicznym lub chemicznym usuwaniu zabrudze\u0144 z&nbsp;powierzchni posadzki, przy u\u017cyciu dedykowanych maszyn oraz&nbsp;urz\u0105dze\u0144. Technologie dostosowujemy [&hellip;]<\/p>\n","protected":false},"author":2,"featured_media":0,"parent":0,"menu_order":0,"comment_status":"closed","ping_status":"closed","template":"","meta":{"_acf_changed":false,"_et_pb_use_builder":"on","_et_pb_old_content":"","_et_gb_content_width":"","inline_featured_image":false,"footnotes":""},"class_list":["post-1562","page","type-page","status-publish","hentry"],"acf":[],"yoast_head":"<!-- This site is optimized with the Yoast SEO plugin v26.9 - https:\/\/yoast.com\/product\/yoast-seo-wordpress\/ -->\n<title>Regeneracja posadzek - PAL-GAZ<\/title>\n<meta name=\"robots\" content=\"index, follow, max-snippet:-1, max-image-preview:large, max-video-preview:-1\" \/>\n<link rel=\"canonical\" href=\"https:\/\/palgaz.com.pl\/en\/regeneracja-posadzek\/\" \/>\n<meta property=\"og:locale\" content=\"en_GB\" \/>\n<meta property=\"og:type\" content=\"article\" \/>\n<meta property=\"og:title\" content=\"Regeneracja posadzek - PAL-GAZ\" \/>\n<meta property=\"og:description\" content=\"Posadzki przemys\u0142owe podczas eksploatacji nara\u017cone s\u0105\u00a0na\u00a0zabrudzenia oraz\u00a0uszkodzenia mechaniczne. Dzi\u0119ki do\u015bwiadczonemu Zespo\u0142owi skutecznie dobieramy technologi\u0119 regeneracji oraz\u00a0nowoczesne maszyny, dzi\u0119ki kt\u00f3rym\u00a0dajemy posadzkom drug\u0105 m\u0142odo\u015b\u0107 oraz\u00a0przed\u0142u\u017camy ich \u017cywotno\u015b\u0107. &nbsp; ????W&nbsp;celu doboru odpowiedniej technologii i&nbsp;optymalizacji koszt\u00f3w us\u0142ugi poprzedzone s\u0105&nbsp;wizj\u0105 lokaln\u0105 do\u015bwiadczonego in\u017cyniera. ????Czyszczenie (doczyszczanie) polegaj\u0105ce na&nbsp;mechanicznym lub chemicznym usuwaniu zabrudze\u0144 z&nbsp;powierzchni posadzki, przy u\u017cyciu dedykowanych maszyn oraz&nbsp;urz\u0105dze\u0144. Technologie dostosowujemy [&hellip;]\" \/>\n<meta property=\"og:url\" content=\"https:\/\/palgaz.com.pl\/en\/regeneracja-posadzek\/\" \/>\n<meta property=\"og:site_name\" content=\"PAL-GAZ\" \/>\n<meta property=\"article:modified_time\" content=\"2025-10-02T14:12:28+00:00\" \/>\n<meta property=\"og:image\" content=\"https:\/\/palgaz.com.pl\/wp-content\/uploads\/2025\/10\/IMG_20250404_084606-scaled.jpg\" \/>\n\t<meta property=\"og:image:width\" content=\"2560\" \/>\n\t<meta property=\"og:image:height\" content=\"1920\" \/>\n\t<meta property=\"og:image:type\" content=\"image\/jpeg\" \/>\n<meta name=\"twitter:card\" content=\"summary_large_image\" \/>\n<meta name=\"twitter:label1\" content=\"Estimated reading time\" \/>\n\t<meta name=\"twitter:data1\" content=\"3 minutes\" \/>\n<script type=\"application\/ld+json\" class=\"yoast-schema-graph\">{\"@context\":\"https:\/\/schema.org\",\"@graph\":[{\"@type\":\"WebPage\",\"@id\":\"https:\/\/palgaz.com.pl\/regeneracja-posadzek\/\",\"url\":\"https:\/\/palgaz.com.pl\/regeneracja-posadzek\/\",\"name\":\"Regeneracja posadzek - PAL-GAZ\",\"isPartOf\":{\"@id\":\"https:\/\/palgaz.com.pl\/#website\"},\"primaryImageOfPage\":{\"@id\":\"https:\/\/palgaz.com.pl\/regeneracja-posadzek\/#primaryimage\"},\"image\":{\"@id\":\"https:\/\/palgaz.com.pl\/regeneracja-posadzek\/#primaryimage\"},\"thumbnailUrl\":\"https:\/\/palgaz.com.pl\/wp-content\/uploads\/2025\/10\/IMG_20250404_084606-scaled.jpg\",\"datePublished\":\"2025-10-02T14:12:07+00:00\",\"dateModified\":\"2025-10-02T14:12:28+00:00\",\"breadcrumb\":{\"@id\":\"https:\/\/palgaz.com.pl\/regeneracja-posadzek\/#breadcrumb\"},\"inLanguage\":\"en-GB\",\"potentialAction\":[{\"@type\":\"ReadAction\",\"target\":[\"https:\/\/palgaz.com.pl\/regeneracja-posadzek\/\"]}]},{\"@type\":\"ImageObject\",\"inLanguage\":\"en-GB\",\"@id\":\"https:\/\/palgaz.com.pl\/regeneracja-posadzek\/#primaryimage\",\"url\":\"https:\/\/palgaz.com.pl\/wp-content\/uploads\/2025\/10\/IMG_20250404_084606-scaled.jpg\",\"contentUrl\":\"https:\/\/palgaz.com.pl\/wp-content\/uploads\/2025\/10\/IMG_20250404_084606-scaled.jpg\"},{\"@type\":\"BreadcrumbList\",\"@id\":\"https:\/\/palgaz.com.pl\/regeneracja-posadzek\/#breadcrumb\",\"itemListElement\":[{\"@type\":\"ListItem\",\"position\":1,\"name\":\"Strona g\u0142\u00f3wna\",\"item\":\"https:\/\/palgaz.com.pl\/\"},{\"@type\":\"ListItem\",\"position\":2,\"name\":\"Regeneracja posadzek\"}]},{\"@type\":\"WebSite\",\"@id\":\"https:\/\/palgaz.com.pl\/#website\",\"url\":\"https:\/\/palgaz.com.pl\/\",\"name\":\"PAL-GAZ\",\"description\":\"Posadzki Przemys\u0142owe\",\"potentialAction\":[{\"@type\":\"SearchAction\",\"target\":{\"@type\":\"EntryPoint\",\"urlTemplate\":\"https:\/\/palgaz.com.pl\/?s={search_term_string}\"},\"query-input\":{\"@type\":\"PropertyValueSpecification\",\"valueRequired\":true,\"valueName\":\"search_term_string\"}}],\"inLanguage\":\"en-GB\"}]}<\/script>\n<!-- \/ Yoast SEO plugin. -->","yoast_head_json":{"title":"Regeneracja posadzek - PAL-GAZ","robots":{"index":"index","follow":"follow","max-snippet":"max-snippet:-1","max-image-preview":"max-image-preview:large","max-video-preview":"max-video-preview:-1"},"canonical":"https:\/\/palgaz.com.pl\/en\/regeneracja-posadzek\/","og_locale":"en_GB","og_type":"article","og_title":"Regeneracja posadzek - PAL-GAZ","og_description":"Posadzki przemys\u0142owe podczas eksploatacji nara\u017cone s\u0105\u00a0na\u00a0zabrudzenia oraz\u00a0uszkodzenia mechaniczne. Dzi\u0119ki do\u015bwiadczonemu Zespo\u0142owi skutecznie dobieramy technologi\u0119 regeneracji oraz\u00a0nowoczesne maszyny, dzi\u0119ki kt\u00f3rym\u00a0dajemy posadzkom drug\u0105 m\u0142odo\u015b\u0107 oraz\u00a0przed\u0142u\u017camy ich \u017cywotno\u015b\u0107. &nbsp; ????W&nbsp;celu doboru odpowiedniej technologii i&nbsp;optymalizacji koszt\u00f3w us\u0142ugi poprzedzone s\u0105&nbsp;wizj\u0105 lokaln\u0105 do\u015bwiadczonego in\u017cyniera. ????Czyszczenie (doczyszczanie) polegaj\u0105ce na&nbsp;mechanicznym lub chemicznym usuwaniu zabrudze\u0144 z&nbsp;powierzchni posadzki, przy u\u017cyciu dedykowanych maszyn oraz&nbsp;urz\u0105dze\u0144. Technologie dostosowujemy [&hellip;]","og_url":"https:\/\/palgaz.com.pl\/en\/regeneracja-posadzek\/","og_site_name":"PAL-GAZ","article_modified_time":"2025-10-02T14:12:28+00:00","og_image":[{"width":2560,"height":1920,"url":"https:\/\/palgaz.com.pl\/wp-content\/uploads\/2025\/10\/IMG_20250404_084606-scaled.jpg","type":"image\/jpeg"}],"twitter_card":"summary_large_image","twitter_misc":{"Estimated reading time":"3 minutes"},"schema":{"@context":"https:\/\/schema.org","@graph":[{"@type":"WebPage","@id":"https:\/\/palgaz.com.pl\/regeneracja-posadzek\/","url":"https:\/\/palgaz.com.pl\/regeneracja-posadzek\/","name":"Regeneracja posadzek - PAL-GAZ","isPartOf":{"@id":"https:\/\/palgaz.com.pl\/#website"},"primaryImageOfPage":{"@id":"https:\/\/palgaz.com.pl\/regeneracja-posadzek\/#primaryimage"},"image":{"@id":"https:\/\/palgaz.com.pl\/regeneracja-posadzek\/#primaryimage"},"thumbnailUrl":"https:\/\/palgaz.com.pl\/wp-content\/uploads\/2025\/10\/IMG_20250404_084606-scaled.jpg","datePublished":"2025-10-02T14:12:07+00:00","dateModified":"2025-10-02T14:12:28+00:00","breadcrumb":{"@id":"https:\/\/palgaz.com.pl\/regeneracja-posadzek\/#breadcrumb"},"inLanguage":"en-GB","potentialAction":[{"@type":"ReadAction","target":["https:\/\/palgaz.com.pl\/regeneracja-posadzek\/"]}]},{"@type":"ImageObject","inLanguage":"en-GB","@id":"https:\/\/palgaz.com.pl\/regeneracja-posadzek\/#primaryimage","url":"https:\/\/palgaz.com.pl\/wp-content\/uploads\/2025\/10\/IMG_20250404_084606-scaled.jpg","contentUrl":"https:\/\/palgaz.com.pl\/wp-content\/uploads\/2025\/10\/IMG_20250404_084606-scaled.jpg"},{"@type":"BreadcrumbList","@id":"https:\/\/palgaz.com.pl\/regeneracja-posadzek\/#breadcrumb","itemListElement":[{"@type":"ListItem","position":1,"name":"Strona g\u0142\u00f3wna","item":"https:\/\/palgaz.com.pl\/"},{"@type":"ListItem","position":2,"name":"Regeneracja posadzek"}]},{"@type":"WebSite","@id":"https:\/\/palgaz.com.pl\/#website","url":"https:\/\/palgaz.com.pl\/","name":"PAL-GAZ","description":"Posadzki Przemys\u0142owe","potentialAction":[{"@type":"SearchAction","target":{"@type":"EntryPoint","urlTemplate":"https:\/\/palgaz.com.pl\/?s={search_term_string}"},"query-input":{"@type":"PropertyValueSpecification","valueRequired":true,"valueName":"search_term_string"}}],"inLanguage":"en-GB"}]}},"_links":{"self":[{"href":"https:\/\/palgaz.com.pl\/en\/wp-json\/wp\/v2\/pages\/1562","targetHints":{"allow":["GET"]}}],"collection":[{"href":"https:\/\/palgaz.com.pl\/en\/wp-json\/wp\/v2\/pages"}],"about":[{"href":"https:\/\/palgaz.com.pl\/en\/wp-json\/wp\/v2\/types\/page"}],"author":[{"embeddable":true,"href":"https:\/\/palgaz.com.pl\/en\/wp-json\/wp\/v2\/users\/2"}],"replies":[{"embeddable":true,"href":"https:\/\/palgaz.com.pl\/en\/wp-json\/wp\/v2\/comments?post=1562"}],"version-history":[{"count":3,"href":"https:\/\/palgaz.com.pl\/en\/wp-json\/wp\/v2\/pages\/1562\/revisions"}],"predecessor-version":[{"id":1565,"href":"https:\/\/palgaz.com.pl\/en\/wp-json\/wp\/v2\/pages\/1562\/revisions\/1565"}],"wp:attachment":[{"href":"https:\/\/palgaz.com.pl\/en\/wp-json\/wp\/v2\/media?parent=1562"}],"curies":[{"name":"wp","href":"https:\/\/api.w.org\/{rel}","templated":true}]}}