{"id":492,"date":"2023-11-29T10:56:22","date_gmt":"2023-11-29T10:56:22","guid":{"rendered":"https:\/\/palgaz.com.pl\/?page_id=492"},"modified":"2025-10-03T11:45:19","modified_gmt":"2025-10-03T11:45:19","slug":"posadzki-przemyslowe","status":"publish","type":"page","link":"https:\/\/palgaz.com.pl\/en\/posadzki-przemyslowe\/","title":{"rendered":"Posadzki przemys\u0142owe"},"content":{"rendered":"<p>[et_pb_section fb_built=&#8221;1&#8243; custom_padding_last_edited=&#8221;on|phone&#8221; _builder_version=&#8221;4.27.4&#8243; _module_preset=&#8221;default&#8221; custom_padding=&#8221;120px||120px||true|false&#8221; custom_padding_tablet=&#8221;80px||80px||true|false&#8221; custom_padding_phone=&#8221;64px||64px||true|false&#8221; hover_enabled=&#8221;0&#8243; global_colors_info=&#8221;{}&#8221;][et_pb_row _builder_version=&#8221;4.23.1&#8243; _module_preset=&#8221;default&#8221; custom_padding=&#8221;0px||0px||false|false&#8221; global_colors_info=&#8221;{}&#8221;][et_pb_column type=&#8221;4_4&#8243; _builder_version=&#8221;4.23.1&#8243; _module_preset=&#8221;default&#8221; pac_dcm_carousel_specific_module_num=&#8221;0&#8243; global_colors_info=&#8221;{}&#8221;][et_pb_tabs module_id=&#8221;oferta&#8221; module_class=&#8221;vertical-tabs1&#8243; _builder_version=&#8221;4.27.4&#8243; _module_preset=&#8221;default&#8221; body_font_size=&#8221;18px&#8221; body_line_height=&#8221;26px&#8221; hover_enabled=&#8221;0&#8243; body_font_size_tablet=&#8221;16px&#8221; body_font_size_phone=&#8221;16px&#8221; body_font_size_last_edited=&#8221;on|tablet&#8221; body_line_height_tablet=&#8221;24px&#8221; body_line_height_phone=&#8221;24px&#8221; body_line_height_last_edited=&#8221;on|tablet&#8221; global_colors_info=&#8221;{}&#8221; sticky_enabled=&#8221;0&#8243;][et_pb_tab title=&#8221;Posadzki betonowe&#8221; _builder_version=&#8221;4.27.4&#8243; _module_preset=&#8221;default&#8221; hover_enabled=&#8221;0&#8243; global_colors_info=&#8221;{}&#8221; sticky_enabled=&#8221;0&#8243;]<\/p>\n<p><img decoding=\"async\" src=\"https:\/\/palgaz.com.pl\/wp-content\/uploads\/2023\/12\/1691067656645.jpg\" alt=\"\" \/><img decoding=\"async\" src=\"https:\/\/palgaz.com.pl\/wp-content\/uploads\/2023\/11\/img_sq.svg\" alt=\"\" class=\"sq\" \/><\/p>\n<p>Wykonywanie posadzek betonowych to\u00a0nasza specjalno\u015b\u0107. Zdobyte do\u015bwiadczenie pozwala nam zagwarantowa\u0107 wysok\u0105 jako\u015b\u0107 sprzedawanego produktu.<\/p>\n<p>Wykonywane przez\u00a0nas posadzki betonowe mo\u017cemy podzieli\u0107 wed\u0142ug kilku kryteri\u00f3w:<\/p>\n<p><strong>Rozwi\u0105zanie technologiczne:<\/strong><\/p>\n<p><strong>\u00a0 \u00a0 \u00a0&#8211;<\/strong>posadzki spoinowe,<\/p>\n<p><strong>\u00a0 \u00a0 \u00a0&#8211;<\/strong>bezspoinowe (beznaci\u0119ciowe).<\/p>\n<p><strong>Spos\u00f3b wyko\u0144czenia:<\/strong><\/p>\n<p><strong>\u00a0 \u00a0 \u00a0&#8211;<\/strong>zatarte na\u00a0g\u0142adko &#8211; utwardzone powierzchniowo technik\u0105 DST, Wet2Wet;<\/p>\n<p><strong>\u00a0 \u00a0 \u00a0&#8211;<\/strong>zatarte pod\u00a0dalsze wyko\u0144czenie (p\u0142ytki, wyk\u0142adzina, \u017cywica epoksydowa).<\/p>\n<p><strong>Przeznaczenie:<\/strong><\/p>\n<p><strong>\u00a0 \u00a0 \u00a0&#8211;<\/strong>posadzki hal produkcyjnych,<\/p>\n<p><strong>\u00a0 \u00a0 \u00a0&#8211;<\/strong>magazyn\u00f3w,<\/p>\n<p><strong>\u00a0 \u00a0 \u00a0&#8211;<\/strong>centr\u00f3w logistycznych,<\/p>\n<p><strong>\u00a0 \u00a0 \u00a0&#8211;<\/strong>galerii handlowych,<\/p>\n<p><strong>\u00a0 \u00a0 \u00a0&#8211;<\/strong>gara\u017cy,<\/p>\n<p><strong>\u00a0 \u00a0 \u00a0&#8211;<\/strong>biurowc\u00f3w,<\/p>\n<p><strong>\u00a0 \u00a0 \u00a0&#8211;<\/strong>sklep\u00f3w.<\/p>\n<p><strong>Spos\u00f3b zbrojenia:<\/strong><strong><\/strong><\/p>\n<p><strong>\u00a0 \u00a0 \u00a0&#8211;<\/strong>posadzki zbrojone w\u0142\u00f3knami stalowymi\/syntetycznymi,<\/p>\n<p><strong>\u00a0 \u00a0 \u00a0&#8211;<\/strong>posadzki zbrojone siatkami stalowymi<\/p>\n<p>[\/et_pb_tab][et_pb_tab title=&#8221;Posadzki \u017cywiczne&#8221; _builder_version=&#8221;4.27.4&#8243; _module_preset=&#8221;default&#8221; hover_enabled=&#8221;0&#8243; global_colors_info=&#8221;{}&#8221; sticky_enabled=&#8221;0&#8243;]<\/p>\n<p><img decoding=\"async\" src=\"https:\/\/palgaz.com.pl\/wp-content\/uploads\/2023\/12\/100_04421.jpg\" alt=\"\" \/><img decoding=\"async\" src=\"https:\/\/palgaz.com.pl\/wp-content\/uploads\/2023\/11\/img_sq.svg\" alt=\"\" class=\"sq\" \/><\/p>\n<p>Posadzki \u017cywiczne wykonuje si\u0119 na\u00a0obiektach, gdzie wyst\u0119puje konieczno\u015b\u0107 postawienia warstwie wyko\u0144czeniowej wysokich wymaga\u0144 odno\u015bnie funkcjonalno\u015bci. Wykonujemy pow\u0142oki antyelektrostatyczne, odporne na\u00a0\u015bcieranie, antypo\u015blizgowe oraz\u00a0chemoodporne w\u00a0okre\u015blonym przez\u00a0Zleceniodawc\u0119 kolorze RAL.<\/p>\n<p>[\/et_pb_tab][et_pb_tab title=&#8221;Renowacje posadzek&#8221; _builder_version=&#8221;4.27.4&#8243; _module_preset=&#8221;default&#8221; hover_enabled=&#8221;0&#8243; global_colors_info=&#8221;{}&#8221; sticky_enabled=&#8221;0&#8243;]<\/p>\n<p><img decoding=\"async\" src=\"https:\/\/palgaz.com.pl\/wp-content\/uploads\/2023\/12\/DSC_3582-scaled.jpg\" alt=\"\" \/><img decoding=\"async\" src=\"https:\/\/palgaz.com.pl\/wp-content\/uploads\/2023\/11\/img_sq.svg\" alt=\"\" class=\"sq\" \/><\/p>\n<p>Dzi\u0119ki wykorzystaniu najnowocze\u015bniejszego sprz\u0119tu jeste\u015bmy w\u00a0stanie w\u00a0spos\u00f3b najbardziej precyzyjny wyszlifowa\u0107 oraz\u00a0wypolerowa\u0107 posadzk\u0119 betonow\u0105 dzi\u0119ki czemu nabierze ona \u015bwie\u017cego i\u00a0nowoczesnego wygl\u0105du. Renowacja posadzek (szlifowanie, impregnacja oraz\u00a0polerowanie) ma\u00a0na\u00a0celu uzyskanie g\u0142\u0119bokiego, lustrzanego po\u0142ysku na\u00a0starej i\u00a0zniszczonej przez\u00a0u\u017cytkowanie posadzce. Dzi\u0119ki tym zabiegom uzyskujemy zaskakuj\u0105ce wra\u017cenie nowej posadzki, kt\u00f3ra\u00a0dodatkowo zostanie zabezpieczona impregnatem wyd\u0142u\u017caj\u0105cym jej \u017cywotno\u015b\u0107.<\/p>\n<p>[\/et_pb_tab][et_pb_tab title=&#8221;Nawierzchnie drogowe betonowe&#8221; _builder_version=&#8221;4.27.4&#8243; _module_preset=&#8221;default&#8221; hover_enabled=&#8221;0&#8243; global_colors_info=&#8221;{}&#8221; sticky_enabled=&#8221;0&#8243;]<\/p>\n<p><img decoding=\"async\" src=\"https:\/\/palgaz.com.pl\/wp-content\/uploads\/2023\/12\/nawierzchnie1.jpg\" alt=\"\" \/><img decoding=\"async\" src=\"https:\/\/palgaz.com.pl\/wp-content\/uploads\/2023\/11\/img_sq.svg\" alt=\"\" class=\"sq\" \/><\/p>\n<p>Nawierzchnie betonowe maj\u0105 szerokie zastosowanie zar\u00f3wno w\u00a0przemy\u015ble jak i\u00a0powierzchniach u\u017cytku publicznego. Stosowane s\u0105\u00a0przede wszystkim na\u00a0zewn\u0105trz budynk\u00f3w a\u00a0dzi\u0119ki swoim w\u0142a\u015bciwo\u015bciom s\u0105\u00a0odporne na\u00a0cz\u0119st\u0105 i\u00a0ekstremaln\u0105 eksploatacj\u0119.<\/p>\n<p>[\/et_pb_tab][\/et_pb_tabs][\/et_pb_column][\/et_pb_row][\/et_pb_section]<\/p>\n","protected":false},"excerpt":{"rendered":"<p>Wykonywanie posadzek betonowych to\u00a0nasza specjalno\u015b\u0107. Zdobyte do\u015bwiadczenie pozwala nam zagwarantowa\u0107 wysok\u0105 jako\u015b\u0107 sprzedawanego produktu. Wykonywane przez\u00a0nas posadzki betonowe mo\u017cemy podzieli\u0107 wed\u0142ug kilku kryteri\u00f3w: Rozwi\u0105zanie technologiczne: \u00a0 \u00a0 \u00a0-posadzki spoinowe, \u00a0 \u00a0 \u00a0-bezspoinowe (beznaci\u0119ciowe). Spos\u00f3b wyko\u0144czenia: \u00a0 \u00a0 \u00a0-zatarte na\u00a0g\u0142adko &#8211; utwardzone powierzchniowo technik\u0105 DST, Wet2Wet; \u00a0 \u00a0 \u00a0-zatarte pod\u00a0dalsze wyko\u0144czenie (p\u0142ytki, wyk\u0142adzina, \u017cywica epoksydowa). Przeznaczenie: [&hellip;]<\/p>\n","protected":false},"author":1,"featured_media":0,"parent":0,"menu_order":0,"comment_status":"closed","ping_status":"closed","template":"","meta":{"_acf_changed":false,"_et_pb_use_builder":"on","_et_pb_old_content":"<!-- wp:divi\/placeholder \/-->","_et_gb_content_width":"","inline_featured_image":false,"footnotes":""},"class_list":["post-492","page","type-page","status-publish","hentry"],"acf":[],"yoast_head":"<!-- This site is optimized with the Yoast SEO plugin v26.9 - https:\/\/yoast.com\/product\/yoast-seo-wordpress\/ -->\n<title>Posadzki przemys\u0142owe - PAL-GAZ<\/title>\n<meta name=\"robots\" content=\"index, follow, max-snippet:-1, max-image-preview:large, max-video-preview:-1\" \/>\n<link rel=\"canonical\" href=\"https:\/\/palgaz.com.pl\/en\/posadzki-przemyslowe\/\" \/>\n<meta property=\"og:locale\" content=\"en_GB\" \/>\n<meta property=\"og:type\" content=\"article\" \/>\n<meta property=\"og:title\" content=\"Posadzki przemys\u0142owe - PAL-GAZ\" \/>\n<meta property=\"og:description\" content=\"Wykonywanie posadzek betonowych to\u00a0nasza specjalno\u015b\u0107. Zdobyte do\u015bwiadczenie pozwala nam zagwarantowa\u0107 wysok\u0105 jako\u015b\u0107 sprzedawanego produktu. Wykonywane przez\u00a0nas posadzki betonowe mo\u017cemy podzieli\u0107 wed\u0142ug kilku kryteri\u00f3w: Rozwi\u0105zanie technologiczne: \u00a0 \u00a0 \u00a0-posadzki spoinowe, \u00a0 \u00a0 \u00a0-bezspoinowe (beznaci\u0119ciowe). Spos\u00f3b wyko\u0144czenia: \u00a0 \u00a0 \u00a0-zatarte na\u00a0g\u0142adko - utwardzone powierzchniowo technik\u0105 DST, Wet2Wet; \u00a0 \u00a0 \u00a0-zatarte pod\u00a0dalsze wyko\u0144czenie (p\u0142ytki, wyk\u0142adzina, \u017cywica epoksydowa). Przeznaczenie: [&hellip;]\" \/>\n<meta property=\"og:url\" content=\"https:\/\/palgaz.com.pl\/en\/posadzki-przemyslowe\/\" \/>\n<meta property=\"og:site_name\" content=\"PAL-GAZ\" \/>\n<meta property=\"article:modified_time\" content=\"2025-10-03T11:45:19+00:00\" \/>\n<meta property=\"og:image\" content=\"https:\/\/palgaz.com.pl\/wp-content\/uploads\/2023\/12\/1691067656645.jpg\" \/>\n<meta name=\"twitter:card\" content=\"summary_large_image\" \/>\n<meta name=\"twitter:label1\" content=\"Estimated reading time\" \/>\n\t<meta name=\"twitter:data1\" content=\"2 minutes\" \/>\n<script type=\"application\/ld+json\" class=\"yoast-schema-graph\">{\"@context\":\"https:\/\/schema.org\",\"@graph\":[{\"@type\":\"WebPage\",\"@id\":\"https:\/\/palgaz.com.pl\/posadzki-przemyslowe\/\",\"url\":\"https:\/\/palgaz.com.pl\/posadzki-przemyslowe\/\",\"name\":\"Posadzki przemys\u0142owe - PAL-GAZ\",\"isPartOf\":{\"@id\":\"https:\/\/palgaz.com.pl\/#website\"},\"primaryImageOfPage\":{\"@id\":\"https:\/\/palgaz.com.pl\/posadzki-przemyslowe\/#primaryimage\"},\"image\":{\"@id\":\"https:\/\/palgaz.com.pl\/posadzki-przemyslowe\/#primaryimage\"},\"thumbnailUrl\":\"https:\/\/palgaz.com.pl\/wp-content\/uploads\/2023\/12\/1691067656645.jpg\",\"datePublished\":\"2023-11-29T10:56:22+00:00\",\"dateModified\":\"2025-10-03T11:45:19+00:00\",\"breadcrumb\":{\"@id\":\"https:\/\/palgaz.com.pl\/posadzki-przemyslowe\/#breadcrumb\"},\"inLanguage\":\"en-GB\",\"potentialAction\":[{\"@type\":\"ReadAction\",\"target\":[\"https:\/\/palgaz.com.pl\/posadzki-przemyslowe\/\"]}]},{\"@type\":\"ImageObject\",\"inLanguage\":\"en-GB\",\"@id\":\"https:\/\/palgaz.com.pl\/posadzki-przemyslowe\/#primaryimage\",\"url\":\"https:\/\/palgaz.com.pl\/wp-content\/uploads\/2023\/12\/1691067656645.jpg\",\"contentUrl\":\"https:\/\/palgaz.com.pl\/wp-content\/uploads\/2023\/12\/1691067656645.jpg\"},{\"@type\":\"BreadcrumbList\",\"@id\":\"https:\/\/palgaz.com.pl\/posadzki-przemyslowe\/#breadcrumb\",\"itemListElement\":[{\"@type\":\"ListItem\",\"position\":1,\"name\":\"Strona g\u0142\u00f3wna\",\"item\":\"https:\/\/palgaz.com.pl\/\"},{\"@type\":\"ListItem\",\"position\":2,\"name\":\"Posadzki przemys\u0142owe\"}]},{\"@type\":\"WebSite\",\"@id\":\"https:\/\/palgaz.com.pl\/#website\",\"url\":\"https:\/\/palgaz.com.pl\/\",\"name\":\"PAL-GAZ\",\"description\":\"Posadzki Przemys\u0142owe\",\"potentialAction\":[{\"@type\":\"SearchAction\",\"target\":{\"@type\":\"EntryPoint\",\"urlTemplate\":\"https:\/\/palgaz.com.pl\/?s={search_term_string}\"},\"query-input\":{\"@type\":\"PropertyValueSpecification\",\"valueRequired\":true,\"valueName\":\"search_term_string\"}}],\"inLanguage\":\"en-GB\"}]}<\/script>\n<!-- \/ Yoast SEO plugin. -->","yoast_head_json":{"title":"Posadzki przemys\u0142owe - PAL-GAZ","robots":{"index":"index","follow":"follow","max-snippet":"max-snippet:-1","max-image-preview":"max-image-preview:large","max-video-preview":"max-video-preview:-1"},"canonical":"https:\/\/palgaz.com.pl\/en\/posadzki-przemyslowe\/","og_locale":"en_GB","og_type":"article","og_title":"Posadzki przemys\u0142owe - PAL-GAZ","og_description":"Wykonywanie posadzek betonowych to\u00a0nasza specjalno\u015b\u0107. Zdobyte do\u015bwiadczenie pozwala nam zagwarantowa\u0107 wysok\u0105 jako\u015b\u0107 sprzedawanego produktu. Wykonywane przez\u00a0nas posadzki betonowe mo\u017cemy podzieli\u0107 wed\u0142ug kilku kryteri\u00f3w: Rozwi\u0105zanie technologiczne: \u00a0 \u00a0 \u00a0-posadzki spoinowe, \u00a0 \u00a0 \u00a0-bezspoinowe (beznaci\u0119ciowe). Spos\u00f3b wyko\u0144czenia: \u00a0 \u00a0 \u00a0-zatarte na\u00a0g\u0142adko - utwardzone powierzchniowo technik\u0105 DST, Wet2Wet; \u00a0 \u00a0 \u00a0-zatarte pod\u00a0dalsze wyko\u0144czenie (p\u0142ytki, wyk\u0142adzina, \u017cywica epoksydowa). Przeznaczenie: [&hellip;]","og_url":"https:\/\/palgaz.com.pl\/en\/posadzki-przemyslowe\/","og_site_name":"PAL-GAZ","article_modified_time":"2025-10-03T11:45:19+00:00","og_image":[{"url":"https:\/\/palgaz.com.pl\/wp-content\/uploads\/2023\/12\/1691067656645.jpg","type":"","width":"","height":""}],"twitter_card":"summary_large_image","twitter_misc":{"Estimated reading time":"2 minutes"},"schema":{"@context":"https:\/\/schema.org","@graph":[{"@type":"WebPage","@id":"https:\/\/palgaz.com.pl\/posadzki-przemyslowe\/","url":"https:\/\/palgaz.com.pl\/posadzki-przemyslowe\/","name":"Posadzki przemys\u0142owe - PAL-GAZ","isPartOf":{"@id":"https:\/\/palgaz.com.pl\/#website"},"primaryImageOfPage":{"@id":"https:\/\/palgaz.com.pl\/posadzki-przemyslowe\/#primaryimage"},"image":{"@id":"https:\/\/palgaz.com.pl\/posadzki-przemyslowe\/#primaryimage"},"thumbnailUrl":"https:\/\/palgaz.com.pl\/wp-content\/uploads\/2023\/12\/1691067656645.jpg","datePublished":"2023-11-29T10:56:22+00:00","dateModified":"2025-10-03T11:45:19+00:00","breadcrumb":{"@id":"https:\/\/palgaz.com.pl\/posadzki-przemyslowe\/#breadcrumb"},"inLanguage":"en-GB","potentialAction":[{"@type":"ReadAction","target":["https:\/\/palgaz.com.pl\/posadzki-przemyslowe\/"]}]},{"@type":"ImageObject","inLanguage":"en-GB","@id":"https:\/\/palgaz.com.pl\/posadzki-przemyslowe\/#primaryimage","url":"https:\/\/palgaz.com.pl\/wp-content\/uploads\/2023\/12\/1691067656645.jpg","contentUrl":"https:\/\/palgaz.com.pl\/wp-content\/uploads\/2023\/12\/1691067656645.jpg"},{"@type":"BreadcrumbList","@id":"https:\/\/palgaz.com.pl\/posadzki-przemyslowe\/#breadcrumb","itemListElement":[{"@type":"ListItem","position":1,"name":"Strona g\u0142\u00f3wna","item":"https:\/\/palgaz.com.pl\/"},{"@type":"ListItem","position":2,"name":"Posadzki przemys\u0142owe"}]},{"@type":"WebSite","@id":"https:\/\/palgaz.com.pl\/#website","url":"https:\/\/palgaz.com.pl\/","name":"PAL-GAZ","description":"Posadzki Przemys\u0142owe","potentialAction":[{"@type":"SearchAction","target":{"@type":"EntryPoint","urlTemplate":"https:\/\/palgaz.com.pl\/?s={search_term_string}"},"query-input":{"@type":"PropertyValueSpecification","valueRequired":true,"valueName":"search_term_string"}}],"inLanguage":"en-GB"}]}},"_links":{"self":[{"href":"https:\/\/palgaz.com.pl\/en\/wp-json\/wp\/v2\/pages\/492","targetHints":{"allow":["GET"]}}],"collection":[{"href":"https:\/\/palgaz.com.pl\/en\/wp-json\/wp\/v2\/pages"}],"about":[{"href":"https:\/\/palgaz.com.pl\/en\/wp-json\/wp\/v2\/types\/page"}],"author":[{"embeddable":true,"href":"https:\/\/palgaz.com.pl\/en\/wp-json\/wp\/v2\/users\/1"}],"replies":[{"embeddable":true,"href":"https:\/\/palgaz.com.pl\/en\/wp-json\/wp\/v2\/comments?post=492"}],"version-history":[{"count":36,"href":"https:\/\/palgaz.com.pl\/en\/wp-json\/wp\/v2\/pages\/492\/revisions"}],"predecessor-version":[{"id":1578,"href":"https:\/\/palgaz.com.pl\/en\/wp-json\/wp\/v2\/pages\/492\/revisions\/1578"}],"wp:attachment":[{"href":"https:\/\/palgaz.com.pl\/en\/wp-json\/wp\/v2\/media?parent=492"}],"curies":[{"name":"wp","href":"https:\/\/api.w.org\/{rel}","templated":true}]}}