{"id":627,"date":"2023-11-30T11:08:11","date_gmt":"2023-11-30T11:08:11","guid":{"rendered":"https:\/\/palgaz.com.pl\/?page_id=627"},"modified":"2025-10-02T12:47:08","modified_gmt":"2025-10-02T12:47:08","slug":"o-nas","status":"publish","type":"page","link":"https:\/\/palgaz.com.pl\/en\/o-nas\/","title":{"rendered":"About us"},"content":{"rendered":"<p>[et_pb_section fb_built=&#8221;1&#8243; module_class=&#8221;onas&#8221; _builder_version=&#8221;4.27.3&#8243; _module_preset=&#8221;default&#8221; custom_padding=&#8221;0px||0px||true|false&#8221; hover_enabled=&#8221;0&#8243; locked=&#8221;off&#8221; global_colors_info=&#8221;{}&#8221; sticky_enabled=&#8221;0&#8243;][et_pb_row column_structure=&#8221;1_2,1_2&#8243; use_custom_gutter=&#8221;on&#8221; make_equal=&#8221;on&#8221; custom_padding_last_edited=&#8221;on|phone&#8221; _builder_version=&#8221;4.27.3&#8243; _module_preset=&#8221;default&#8221; custom_padding=&#8221;120px||120px||false|false&#8221; custom_padding_tablet=&#8221;80px||80px||false|false&#8221; custom_padding_phone=&#8221;64px||64px||false|false&#8221; global_colors_info=&#8221;{}&#8221;][et_pb_column type=&#8221;1_2&#8243; _builder_version=&#8221;4.23.1&#8243; _module_preset=&#8221;default&#8221; pac_dcm_carousel_specific_module_num=&#8221;0&#8243; global_colors_info=&#8221;{}&#8221;][et_pb_image src=&#8221;https:\/\/palgaz.com.pl\/wp-content\/uploads\/2025\/09\/DJI_20240614134036_0058_D.jpg&#8221; align=&#8221;right&#8221; _builder_version=&#8221;4.27.3&#8243; _module_preset=&#8221;default&#8221; width=&#8221;75%&#8221; filter_brightness=&#8221;107%&#8221; filter_contrast=&#8221;105%&#8221; custom_css_main_element=&#8221;clip-path: polygon(60.00% 0.00%,60% 0.00%,100% 20.00%,100% 100%,0.00% 100%,0.00% 15.00%);||-webkit-clip-path: polygon(60.00% 0.00%,60% 0.00%,100% 20.00%,100% 100%,0.00% 100%,0.00% 15.00%);&#8221; box_shadow_style=&#8221;preset6&#8243; box_shadow_blur=&#8221;40px&#8221; box_shadow_spread=&#8221;-24px&#8221; box_shadow_color=&#8221;#000000&#8243; global_colors_info=&#8221;{}&#8221;][\/et_pb_image][et_pb_image title_text=&#8221;088 IMG_2053 &#8211; W Kadrze Piotr Bedli\u0144ski&#8221; src_tablet=&#8221;https:\/\/palgaz.com.pl\/wp-content\/uploads\/2024\/07\/088-IMG_2053-W-Kadrze-Piotr-Bedlinski.jpg&#8221; src_phone=&#8221;https:\/\/palgaz.com.pl\/wp-content\/uploads\/2024\/07\/088-IMG_2053-W-Kadrze-Piotr-Bedlinski.jpg&#8221; src_last_edited=&#8221;on|desktop&#8221; _builder_version=&#8221;4.27.3&#8243; _module_preset=&#8221;default&#8221; width=&#8221;40%&#8221; custom_css_main_element=&#8221;clip-path: polygon(20% 0px,100% 0px,100% calc( 100% &#8211; 20%),calc( 100% &#8211; 20%) 100%,0px 100%,0px 20%);||-webkit-clip-path: polygon(20% 0px,100% 0px,100% calc( 100% &#8211; 20%),calc( 100% &#8211; 20%) 100%,0px 100%,0px 20%);||position: absolute;||bottom: 0px;&#8221; global_colors_info=&#8221;{}&#8221;][\/et_pb_image][\/et_pb_column][et_pb_column type=&#8221;1_2&#8243; _builder_version=&#8221;4.23.1&#8243; _module_preset=&#8221;default&#8221; custom_padding=&#8221;0px||0px||true|false&#8221; pac_dcm_carousel_specific_module_num=&#8221;0&#8243; global_colors_info=&#8221;{}&#8221;][et_pb_text admin_label=&#8221;Du\u017cy tekst&#8221; _builder_version=&#8221;4.27.3&#8243; _module_preset=&#8221;default&#8221; text_font=&#8221;Ubuntu|500|||||||&#8221; text_text_color=&#8221;#191819&#8243; text_font_size=&#8221;40px&#8221; text_line_height=&#8221;48px&#8221; custom_margin=&#8221;||0px||false|false&#8221; custom_padding=&#8221;64px||40px||false|false&#8221; custom_padding_tablet=&#8221;40px||24px||false|false&#8221; custom_padding_phone=&#8221;24px||24px||false|false&#8221; custom_padding_last_edited=&#8221;on|phone&#8221; hover_enabled=&#8221;0&#8243; text_font_size_tablet=&#8221;32px&#8221; text_font_size_phone=&#8221;24px&#8221; text_font_size_last_edited=&#8221;on|phone&#8221; text_line_height_tablet=&#8221;40px&#8221; text_line_height_phone=&#8221;32px&#8221; text_line_height_last_edited=&#8221;on|phone&#8221; global_colors_info=&#8221;{}&#8221; sticky_enabled=&#8221;0&#8243; header_font=&#8221;Ubuntu||||||||&#8221;]<\/p>\n<p>PAL-GAZ to\u00a0przedsi\u0119biorstwo si\u0119gaj\u0105ce swoj\u0105 histori\u0105 i\u00a0tradycj\u0105 lat 90. Nowoczesne zaplecze techniczne, kadra specjalist\u00f3w oraz\u00a0setki wykonanych posadzek przemys\u0142owych to\u00a0nasz znak rozpoznawczy.<\/p>\n<p>[\/et_pb_text][et_pb_text admin_label=&#8221;Mniejszy tekst&#8221; module_class=&#8221;timeline&#8221; _builder_version=&#8221;4.27.3&#8243; _module_preset=&#8221;default&#8221; text_font_size=&#8221;18px&#8221; text_line_height=&#8221;26px&#8221; width=&#8221;80%&#8221; width_tablet=&#8221;100%&#8221; width_phone=&#8221;100%&#8221; width_last_edited=&#8221;on|tablet&#8221; custom_margin=&#8221;||0px||false|false&#8221; custom_padding=&#8221;0px||0px|40px|false|false&#8221; custom_padding_tablet=&#8221;||0px|40px|false|false&#8221; custom_padding_phone=&#8221;||0px|40px|false|false&#8221; custom_padding_last_edited=&#8221;on|desktop&#8221; hover_enabled=&#8221;0&#8243; text_font_size_tablet=&#8221;16px&#8221; text_font_size_phone=&#8221;16px&#8221; text_font_size_last_edited=&#8221;on|tablet&#8221; text_line_height_tablet=&#8221;24px&#8221; text_line_height_phone=&#8221;24px&#8221; text_line_height_last_edited=&#8221;on|tablet&#8221; border_width_left=&#8221;2px&#8221; border_color_left=&#8221;#c82127&#8243; global_colors_info=&#8221;{}&#8221; header_font=&#8221;Ubuntu||||||||&#8221; text_font=&#8221;Ubuntu||||||||&#8221; sticky_enabled=&#8221;0&#8243;]<\/p>\n<p><strong>Dlaczego warto wybra\u0107 w\u0142a\u015bnie nas?<\/strong><\/p>\n<p>Do\u015bwiadczenie zbierane latami, oraz\u00a0ci\u0105g\u0142a motywacja doprowadzi\u0142y nas do\u00a0znacznego rozwoju, kt\u00f3rego\u00a0wynikiem jest zakup najnowocze\u015bniejszych na\u00a0rynku maszyn wiod\u0105cych producent\u00f3w, zatrudnienie wyspecializowanej kadry specialist\u00f3w kt\u00f3rzy\u00a0dbaj\u0105 o\u00a0jako\u015b\u0107 oraz\u00a0bezpiecze\u0144stwo wykonywanych prac. Ci\u0105g\u0142a ch\u0119\u0107 adaptacji do\u00a0rynku pozwoli\u0142a nam tak\u017ce sukcesywnie rozszerza\u0107 wachlarz us\u0142ug do\u00a0kt\u00f3rego\u00a0niedawno do\u0142\u0105czy\u0142y roboty ziemne.<\/p>\n<p>[\/et_pb_text][\/et_pb_column][\/et_pb_row][et_pb_row column_structure=&#8221;3_5,2_5&#8243; make_equal=&#8221;on&#8221; _builder_version=&#8221;4.27.3&#8243; _module_preset=&#8221;default&#8221; custom_padding=&#8221;0px||0px||false|false&#8221; global_colors_info=&#8221;{}&#8221; custom_css_main_element_last_edited=&#8221;on|tablet&#8221; custom_css_main_element_tablet=&#8221;display: grid;&#8221; custom_css_main_element_phone=&#8221;display: grid;&#8221;][et_pb_column type=&#8221;3_5&#8243; _builder_version=&#8221;4.23.1&#8243; _module_preset=&#8221;default&#8221; custom_css_main_element=&#8221;display: flex;||flex-direction: column;||justify-content: center;&#8221; pac_dcm_carousel_specific_module_num=&#8221;0&#8243; global_colors_info=&#8221;{}&#8221; custom_css_main_element_last_edited=&#8221;on|tablet&#8221; custom_css_main_element_tablet=&#8221;order: 2;&#8221; custom_css_main_element_phone=&#8221;order: 2;&#8221;][et_pb_text admin_label=&#8221;Nag\u0142\u00f3wek&#8221; _builder_version=&#8221;4.27.3&#8243; _module_preset=&#8221;default&#8221; text_font=&#8221;Ubuntu|500|||||||&#8221; text_text_color=&#8221;#191819&#8243; text_font_size=&#8221;24px&#8221; text_line_height=&#8221;32px&#8221; custom_margin=&#8221;||0px||false|false&#8221; custom_padding=&#8221;||40px||false|false&#8221; custom_padding_tablet=&#8221;||24px||false|false&#8221; custom_padding_phone=&#8221;||24px||false|false&#8221; custom_padding_last_edited=&#8221;on|tablet&#8221; hover_enabled=&#8221;0&#8243; text_font_size_tablet=&#8221;20px&#8221; text_font_size_phone=&#8221;20px&#8221; text_font_size_last_edited=&#8221;on|tablet&#8221; text_line_height_tablet=&#8221;28px&#8221; text_line_height_phone=&#8221;28px&#8221; text_line_height_last_edited=&#8221;on|tablet&#8221; global_colors_info=&#8221;{}&#8221; header_font=&#8221;Ubuntu||||||||&#8221; sticky_enabled=&#8221;0&#8243;]<\/p>\n<p>Wykonujemy posadzki przemys\u0142owe projektowane indywidualnie dla ka\u017cdego biektu bior\u0105c pod\u00a0uwag\u0119 specyfik\u0119 zak\u0142adu oraz\u00a0szczeg\u00f3lne wymagania inwestora:<\/p>\n<p>[\/et_pb_text][et_pb_text admin_label=&#8221;Opis&#8221; module_class=&#8221;custom_bullets_wpcc&#8221; _builder_version=&#8221;4.27.3&#8243; _module_preset=&#8221;default&#8221; ul_font_size=&#8221;18px&#8221; ul_line_height=&#8221;26px&#8221; hover_enabled=&#8221;0&#8243; ul_font_size_tablet=&#8221;16px&#8221; ul_font_size_phone=&#8221;16px&#8221; ul_font_size_last_edited=&#8221;on|tablet&#8221; ul_line_height_tablet=&#8221;24px&#8221; ul_line_height_phone=&#8221;24px&#8221; ul_line_height_last_edited=&#8221;on|tablet&#8221; global_colors_info=&#8221;{}&#8221; sticky_enabled=&#8221;0&#8243; text_font=&#8221;Ubuntu||||||||&#8221; header_font=&#8221;Ubuntu||||||||&#8221;]<\/p>\n<ul>\n<li>posadzki magazyn\u00f3w, hal produkcyjnych, logistycznych, sprzeda\u017cy, a\u00a0tak\u017ce p\u0142yty gara\u017cy, galerii handlowych, nawierzchni dr\u00f3g i\u00a0plac\u00f3w sk\u0142adowych;<\/li>\n<\/ul>\n<ul>\n<li>posadzki spoinowe i\u00a0bezspoinowe (beznaci\u0119ciowe w\u00a0polach osi\u0105gaj\u0105cych rozpi\u0119to\u015bci nawet 50 x\u00a050 m);<\/li>\n<li>posadzki zbrojone w\u0142\u00f3knem rozproszonym (stalowym,\u00a0syntetycznym) lub zbrojeniem tradycyjnym (matami z\u00a0siatek stalowych lub pr\u0119tami);<\/li>\n<li>posadzki uk\u0142adane przy pomocy uk\u0142adarek laserowych lub r\u0119cznie;<\/li>\n<li>posadzki betonowe utwardzane metod\u0105 maszynowego nanoszenia proszkowego z\u00a0wykorzystaniem siewnika samojezdnego lub w\u00f3zk\u00f3w prowadzonych r\u0119cznie;<\/li>\n<li>posadzki zacierane mechanicznie (z\u00a0utwardzeniem powierzchniowym w\u00a0r\u00f3\u017cnych technologiach i\u00a0systemach, b\u0105d\u017a zacieranych pod\u00a0inne wyk\u0142adziny);<\/li>\n<li>posadzki \u017cywiczne w\u00a0r\u00f3\u017cnych klasach odporno\u015bci: chemicznej, na\u00a0\u015bcieranie, na\u00a0promieniowanie UV, a\u00a0tak\u017ce w\u00a0r\u00f3\u017cnych fakturach wyko\u0144czenia: na\u00a0g\u0142adko, sk\u00f3ra pomara\u0144czy czy\u00a0szorstko;<\/li>\n<li>podbudowy betonowe;<\/li>\n<li>przygotowanie kompletnych projekt\u00f3w technicznych posadzek (obliczenia statyczne, sprawdzone rozwi\u0105zania, komplet rysunk\u00f3w, dokumentacja podpisana przez\u00a0uprawnionego projektanta).<\/li>\n<\/ul>\n<p>[\/et_pb_text][\/et_pb_column][et_pb_column type=&#8221;2_5&#8243; _builder_version=&#8221;4.23.1&#8243; _module_preset=&#8221;default&#8221; pac_dcm_carousel_specific_module_num=&#8221;0&#8243; global_colors_info=&#8221;{}&#8221; custom_css_main_element_last_edited=&#8221;on|tablet&#8221; custom_css_main_element_tablet=&#8221;order: 1;&#8221; custom_css_main_element_phone=&#8221;order: 1;&#8221;][et_pb_image src=&#8221;https:\/\/palgaz.com.pl\/wp-content\/uploads\/2024\/07\/Bez-tytulu.jpg&#8221; title_text=&#8221;Bez tytu\u0142u&#8221; src_tablet=&#8221;https:\/\/palgaz.com.pl\/wp-content\/uploads\/2024\/05\/zdj_7.jpg&#8221; src_phone=&#8221;https:\/\/palgaz.com.pl\/wp-content\/uploads\/2024\/05\/zdj_7.jpg&#8221; src_last_edited=&#8221;on|phone&#8221; _builder_version=&#8221;4.27.3&#8243; _module_preset=&#8221;default&#8221; custom_css_main_element=&#8221;-webkit-clip-path: polygon(0 0,100% 0,100% 100%,240px 100%,0 calc(100% &#8211; 140px));||clip-path: polygon(0 0,100% 0,100% 100%,240px 100%,0 calc(100% &#8211; 140px));&#8221; box_shadow_style=&#8221;preset6&#8243; box_shadow_blur=&#8221;40px&#8221; box_shadow_spread=&#8221;10px&#8221; global_colors_info=&#8221;{}&#8221; custom_css_main_element_last_edited=&#8221;on|tablet&#8221; custom_css_main_element_tablet=&#8221;-webkit-clip-path: polygon(0 0,100% 0,100% 100%,100px 100%,0 calc(100% &#8211; 60px));||clip-path: polygon(0 0,100% 0,100% 100%,100px 100%,0 calc(100% &#8211; 60px));&#8221; custom_css_main_element_phone=&#8221;-webkit-clip-path: polygon(0 0,100% 0,100% 100%,100px 100%,0 calc(100% &#8211; 60px));||clip-path: polygon(0 0,100% 0,100% 100%,100px 100%,0 calc(100% &#8211; 60px));&#8221;][\/et_pb_image][et_pb_image src=&#8221;https:\/\/palgaz.com.pl\/wp-content\/uploads\/2023\/11\/img_sq.svg&#8221; title_text=&#8221;img_sq&#8221; module_class=&#8221;dekor&#8221; _builder_version=&#8221;4.27.3&#8243; _module_preset=&#8221;default&#8221; custom_margin=&#8221;||0px||false|false&#8221; locked=&#8221;off&#8221; global_colors_info=&#8221;{}&#8221;][\/et_pb_image][\/et_pb_column][\/et_pb_row][\/et_pb_section]<\/p>\n","protected":false},"excerpt":{"rendered":"<p>PAL-GAZ to\u00a0przedsi\u0119biorstwo si\u0119gaj\u0105ce swoj\u0105 histori\u0105 i\u00a0tradycj\u0105 lat 90. Nowoczesne zaplecze techniczne, kadra specjalist\u00f3w oraz\u00a0setki wykonanych posadzek przemys\u0142owych to\u00a0nasz znak rozpoznawczy.Dlaczego warto wybra\u0107 w\u0142a\u015bnie nas? Do\u015bwiadczenie zbierane latami, oraz\u00a0ci\u0105g\u0142a motywacja doprowadzi\u0142y nas do\u00a0znacznego rozwoju, kt\u00f3rego\u00a0wynikiem jest zakup najnowocze\u015bniejszych na\u00a0rynku maszyn wiod\u0105cych producent\u00f3w, zatrudnienie wyspecializowanej kadry specialist\u00f3w kt\u00f3rzy\u00a0dbaj\u0105 o\u00a0jako\u015b\u0107 oraz\u00a0bezpiecze\u0144stwo wykonywanych prac. Ci\u0105g\u0142a ch\u0119\u0107 adaptacji do\u00a0rynku pozwoli\u0142a [&hellip;]<\/p>\n","protected":false},"author":1,"featured_media":0,"parent":0,"menu_order":0,"comment_status":"closed","ping_status":"closed","template":"","meta":{"_acf_changed":false,"_et_pb_use_builder":"on","_et_pb_old_content":"","_et_gb_content_width":"","inline_featured_image":false,"footnotes":""},"class_list":["post-627","page","type-page","status-publish","hentry"],"acf":[],"yoast_head":"<!-- This site is optimized with the Yoast SEO plugin v26.9 - https:\/\/yoast.com\/product\/yoast-seo-wordpress\/ -->\n<title>O nas - PAL-GAZ<\/title>\n<meta name=\"robots\" content=\"index, follow, max-snippet:-1, max-image-preview:large, max-video-preview:-1\" \/>\n<link rel=\"canonical\" href=\"https:\/\/palgaz.com.pl\/en\/o-nas\/\" \/>\n<meta property=\"og:locale\" content=\"en_GB\" \/>\n<meta property=\"og:type\" content=\"article\" \/>\n<meta property=\"og:title\" content=\"O nas - PAL-GAZ\" \/>\n<meta property=\"og:description\" content=\"PAL-GAZ to\u00a0przedsi\u0119biorstwo si\u0119gaj\u0105ce swoj\u0105 histori\u0105 i\u00a0tradycj\u0105 lat 90. Nowoczesne zaplecze techniczne, kadra specjalist\u00f3w oraz\u00a0setki wykonanych posadzek przemys\u0142owych to\u00a0nasz znak rozpoznawczy.Dlaczego warto wybra\u0107 w\u0142a\u015bnie nas? Do\u015bwiadczenie zbierane latami, oraz\u00a0ci\u0105g\u0142a motywacja doprowadzi\u0142y nas do\u00a0znacznego rozwoju, kt\u00f3rego\u00a0wynikiem jest zakup najnowocze\u015bniejszych na\u00a0rynku maszyn wiod\u0105cych producent\u00f3w, zatrudnienie wyspecializowanej kadry specialist\u00f3w kt\u00f3rzy\u00a0dbaj\u0105 o\u00a0jako\u015b\u0107 oraz\u00a0bezpiecze\u0144stwo wykonywanych prac. Ci\u0105g\u0142a ch\u0119\u0107 adaptacji do\u00a0rynku pozwoli\u0142a [&hellip;]\" \/>\n<meta property=\"og:url\" content=\"https:\/\/palgaz.com.pl\/en\/o-nas\/\" \/>\n<meta property=\"og:site_name\" content=\"PAL-GAZ\" \/>\n<meta property=\"article:modified_time\" content=\"2025-10-02T12:47:08+00:00\" \/>\n<meta name=\"twitter:card\" content=\"summary_large_image\" \/>\n<script type=\"application\/ld+json\" class=\"yoast-schema-graph\">{\"@context\":\"https:\/\/schema.org\",\"@graph\":[{\"@type\":\"WebPage\",\"@id\":\"https:\/\/palgaz.com.pl\/o-nas\/\",\"url\":\"https:\/\/palgaz.com.pl\/o-nas\/\",\"name\":\"O nas - PAL-GAZ\",\"isPartOf\":{\"@id\":\"https:\/\/palgaz.com.pl\/#website\"},\"datePublished\":\"2023-11-30T11:08:11+00:00\",\"dateModified\":\"2025-10-02T12:47:08+00:00\",\"breadcrumb\":{\"@id\":\"https:\/\/palgaz.com.pl\/o-nas\/#breadcrumb\"},\"inLanguage\":\"en-GB\",\"potentialAction\":[{\"@type\":\"ReadAction\",\"target\":[\"https:\/\/palgaz.com.pl\/o-nas\/\"]}]},{\"@type\":\"BreadcrumbList\",\"@id\":\"https:\/\/palgaz.com.pl\/o-nas\/#breadcrumb\",\"itemListElement\":[{\"@type\":\"ListItem\",\"position\":1,\"name\":\"Strona g\u0142\u00f3wna\",\"item\":\"https:\/\/palgaz.com.pl\/\"},{\"@type\":\"ListItem\",\"position\":2,\"name\":\"O nas\"}]},{\"@type\":\"WebSite\",\"@id\":\"https:\/\/palgaz.com.pl\/#website\",\"url\":\"https:\/\/palgaz.com.pl\/\",\"name\":\"PAL-GAZ\",\"description\":\"Posadzki Przemys\u0142owe\",\"potentialAction\":[{\"@type\":\"SearchAction\",\"target\":{\"@type\":\"EntryPoint\",\"urlTemplate\":\"https:\/\/palgaz.com.pl\/?s={search_term_string}\"},\"query-input\":{\"@type\":\"PropertyValueSpecification\",\"valueRequired\":true,\"valueName\":\"search_term_string\"}}],\"inLanguage\":\"en-GB\"}]}<\/script>\n<!-- \/ Yoast SEO plugin. -->","yoast_head_json":{"title":"O nas - PAL-GAZ","robots":{"index":"index","follow":"follow","max-snippet":"max-snippet:-1","max-image-preview":"max-image-preview:large","max-video-preview":"max-video-preview:-1"},"canonical":"https:\/\/palgaz.com.pl\/en\/o-nas\/","og_locale":"en_GB","og_type":"article","og_title":"O nas - PAL-GAZ","og_description":"PAL-GAZ to\u00a0przedsi\u0119biorstwo si\u0119gaj\u0105ce swoj\u0105 histori\u0105 i\u00a0tradycj\u0105 lat 90. Nowoczesne zaplecze techniczne, kadra specjalist\u00f3w oraz\u00a0setki wykonanych posadzek przemys\u0142owych to\u00a0nasz znak rozpoznawczy.Dlaczego warto wybra\u0107 w\u0142a\u015bnie nas? Do\u015bwiadczenie zbierane latami, oraz\u00a0ci\u0105g\u0142a motywacja doprowadzi\u0142y nas do\u00a0znacznego rozwoju, kt\u00f3rego\u00a0wynikiem jest zakup najnowocze\u015bniejszych na\u00a0rynku maszyn wiod\u0105cych producent\u00f3w, zatrudnienie wyspecializowanej kadry specialist\u00f3w kt\u00f3rzy\u00a0dbaj\u0105 o\u00a0jako\u015b\u0107 oraz\u00a0bezpiecze\u0144stwo wykonywanych prac. Ci\u0105g\u0142a ch\u0119\u0107 adaptacji do\u00a0rynku pozwoli\u0142a [&hellip;]","og_url":"https:\/\/palgaz.com.pl\/en\/o-nas\/","og_site_name":"PAL-GAZ","article_modified_time":"2025-10-02T12:47:08+00:00","twitter_card":"summary_large_image","schema":{"@context":"https:\/\/schema.org","@graph":[{"@type":"WebPage","@id":"https:\/\/palgaz.com.pl\/o-nas\/","url":"https:\/\/palgaz.com.pl\/o-nas\/","name":"O nas - PAL-GAZ","isPartOf":{"@id":"https:\/\/palgaz.com.pl\/#website"},"datePublished":"2023-11-30T11:08:11+00:00","dateModified":"2025-10-02T12:47:08+00:00","breadcrumb":{"@id":"https:\/\/palgaz.com.pl\/o-nas\/#breadcrumb"},"inLanguage":"en-GB","potentialAction":[{"@type":"ReadAction","target":["https:\/\/palgaz.com.pl\/o-nas\/"]}]},{"@type":"BreadcrumbList","@id":"https:\/\/palgaz.com.pl\/o-nas\/#breadcrumb","itemListElement":[{"@type":"ListItem","position":1,"name":"Strona g\u0142\u00f3wna","item":"https:\/\/palgaz.com.pl\/"},{"@type":"ListItem","position":2,"name":"O nas"}]},{"@type":"WebSite","@id":"https:\/\/palgaz.com.pl\/#website","url":"https:\/\/palgaz.com.pl\/","name":"PAL-GAZ","description":"Posadzki Przemys\u0142owe","potentialAction":[{"@type":"SearchAction","target":{"@type":"EntryPoint","urlTemplate":"https:\/\/palgaz.com.pl\/?s={search_term_string}"},"query-input":{"@type":"PropertyValueSpecification","valueRequired":true,"valueName":"search_term_string"}}],"inLanguage":"en-GB"}]}},"_links":{"self":[{"href":"https:\/\/palgaz.com.pl\/en\/wp-json\/wp\/v2\/pages\/627","targetHints":{"allow":["GET"]}}],"collection":[{"href":"https:\/\/palgaz.com.pl\/en\/wp-json\/wp\/v2\/pages"}],"about":[{"href":"https:\/\/palgaz.com.pl\/en\/wp-json\/wp\/v2\/types\/page"}],"author":[{"embeddable":true,"href":"https:\/\/palgaz.com.pl\/en\/wp-json\/wp\/v2\/users\/1"}],"replies":[{"embeddable":true,"href":"https:\/\/palgaz.com.pl\/en\/wp-json\/wp\/v2\/comments?post=627"}],"version-history":[{"count":62,"href":"https:\/\/palgaz.com.pl\/en\/wp-json\/wp\/v2\/pages\/627\/revisions"}],"predecessor-version":[{"id":1550,"href":"https:\/\/palgaz.com.pl\/en\/wp-json\/wp\/v2\/pages\/627\/revisions\/1550"}],"wp:attachment":[{"href":"https:\/\/palgaz.com.pl\/en\/wp-json\/wp\/v2\/media?parent=627"}],"curies":[{"name":"wp","href":"https:\/\/api.w.org\/{rel}","templated":true}]}}