{"id":793,"date":"2024-02-26T14:42:50","date_gmt":"2024-02-26T14:42:50","guid":{"rendered":"https:\/\/palgaz.com.pl\/?page_id=793"},"modified":"2025-10-01T13:33:11","modified_gmt":"2025-10-01T13:33:11","slug":"do-pobrania","status":"publish","type":"page","link":"https:\/\/palgaz.com.pl\/en\/do-pobrania\/","title":{"rendered":"To download"},"content":{"rendered":"<p>[et_pb_section fb_built=&#8221;1&#8243; custom_padding_last_edited=&#8221;on|phone&#8221; _builder_version=&#8221;4.27.3&#8243; _module_preset=&#8221;default&#8221; custom_padding=&#8221;120px||120px||true|false&#8221; custom_padding_tablet=&#8221;80px||80px||true|false&#8221; custom_padding_phone=&#8221;64px||64px||true|false&#8221; hover_enabled=&#8221;0&#8243; locked=&#8221;off&#8221; global_colors_info=&#8221;{}&#8221; sticky_enabled=&#8221;0&#8243;][et_pb_row column_structure=&#8221;1_3,1_3,1_3&#8243; module_class=&#8221;blog&#8221; _builder_version=&#8221;4.27.3&#8243; _module_preset=&#8221;default&#8221; custom_padding=&#8221;0px||0px||true|false&#8221; global_colors_info=&#8221;{}&#8221;][et_pb_column type=&#8221;1_3&#8243; _builder_version=&#8221;4.23.1&#8243; _module_preset=&#8221;default&#8221; pac_dcm_carousel_specific_module_num=&#8221;0&#8243; global_colors_info=&#8221;{}&#8221;][et_pb_image src=&#8221;https:\/\/palgaz.com.pl\/wp-content\/uploads\/2024\/05\/file.svg&#8221; title_text=&#8221;file&#8221; _builder_version=&#8221;4.27.3&#8243; _module_preset=&#8221;default&#8221; max_height=&#8221;80px&#8221; max_height_tablet=&#8221;64px&#8221; max_height_phone=&#8221;56px&#8221; max_height_last_edited=&#8221;on|phone&#8221; custom_margin=&#8221;||0px||false|false&#8221; custom_padding=&#8221;||30px||false|false&#8221; global_colors_info=&#8221;{}&#8221;][\/et_pb_image][et_pb_text _builder_version=&#8221;4.27.3&#8243; _module_preset=&#8221;default&#8221; header_3_font=&#8221;|700|||||||&#8221; header_3_font_size=&#8221;28px&#8221; header_3_line_height=&#8221;36px&#8221; header_3_font_size_tablet=&#8221;28px&#8221; header_3_font_size_phone=&#8221;24px&#8221; header_3_font_size_last_edited=&#8221;on|phone&#8221; header_3_line_height_tablet=&#8221;36px&#8221; header_3_line_height_phone=&#8221;32px&#8221; header_3_line_height_last_edited=&#8221;on|phone&#8221; global_colors_info=&#8221;{}&#8221;]<\/p>\n<p>Instrukcja u\u017cytkowania i&nbsp;w\u0142a\u015bciwo\u015bci posadzek betonowych (v4.0)<\/p>\n<p>[\/et_pb_text][et_pb_button button_url=&#8221;@ET-DC@eyJkeW5hbWljIjp0cnVlLCJjb250ZW50IjoicG9zdF9saW5rX3VybF9hdHRhY2htZW50Iiwic2V0dGluZ3MiOnsicG9zdF9pZCI6IjEyNTQifX0=@&#8221; url_new_window=&#8221;on&#8221; button_text=&#8221;Pobierz&#8221; admin_label=&#8221;Przycisk&#8221; _builder_version=&#8221;4.27.3&#8243; _dynamic_attributes=&#8221;button_url&#8221; _module_preset=&#8221;default&#8221; custom_button=&#8221;on&#8221; button_text_size=&#8221;18px&#8221; button_text_color=&#8221;#FFFFFF&#8221; button_bg_color=&#8221;#f03041&#8243; button_border_width=&#8221;0px&#8221; button_border_radius=&#8221;40px&#8221; button_icon=&#8221;&#x35;||divi||400&#8243; button_on_hover=&#8221;off&#8221; custom_margin=&#8221;40px||||false|false&#8221; custom_margin_tablet=&#8221;32px||||false|false&#8221; custom_margin_phone=&#8221;24px||||false|false&#8221; custom_margin_last_edited=&#8221;on|phone&#8221; custom_padding=&#8221;20px|48px|20px|48px|true|true&#8221; custom_padding_tablet=&#8221;16px|40px|16px|40px|true|true&#8221; custom_padding_phone=&#8221;16px|40px|16px|40px|true|true&#8221; custom_padding_last_edited=&#8221;on|tablet&#8221; button_text_size_tablet=&#8221;16px&#8221; button_text_size_phone=&#8221;16px&#8221; button_text_size_last_edited=&#8221;on|tablet&#8221; locked=&#8221;off&#8221; global_colors_info=&#8221;{}&#8221; button_bg_color__hover_enabled=&#8221;on|hover&#8221; button_bg_color__hover=&#8221;#f35967&#8243; button_bg_enable_color__hover=&#8221;on&#8221;][\/et_pb_button][\/et_pb_column][et_pb_column type=&#8221;1_3&#8243; _builder_version=&#8221;4.23.1&#8243; _module_preset=&#8221;default&#8221; pac_dcm_carousel_specific_module_num=&#8221;0&#8243; global_colors_info=&#8221;{}&#8221;][\/et_pb_column][et_pb_column type=&#8221;1_3&#8243; _builder_version=&#8221;4.23.1&#8243; _module_preset=&#8221;default&#8221; pac_dcm_carousel_specific_module_num=&#8221;0&#8243; global_colors_info=&#8221;{}&#8221;][\/et_pb_column][\/et_pb_row][\/et_pb_section]<\/p>\n","protected":false},"excerpt":{"rendered":"<p>Instrukcja u\u017cytkowania i&nbsp;w\u0142a\u015bciwo\u015bci posadzek betonowych (v4.0)<\/p>","protected":false},"author":1,"featured_media":0,"parent":0,"menu_order":0,"comment_status":"closed","ping_status":"closed","template":"","meta":{"_acf_changed":false,"_et_pb_use_builder":"on","_et_pb_old_content":"<!-- wp:divi\/placeholder \/-->","_et_gb_content_width":"","inline_featured_image":false,"footnotes":""},"class_list":["post-793","page","type-page","status-publish","hentry"],"acf":[],"yoast_head":"<!-- This site is optimized with the Yoast SEO plugin v26.9 - https:\/\/yoast.com\/product\/yoast-seo-wordpress\/ -->\n<title>Do pobrania - PAL-GAZ<\/title>\n<meta name=\"robots\" content=\"index, follow, max-snippet:-1, max-image-preview:large, max-video-preview:-1\" \/>\n<link rel=\"canonical\" href=\"https:\/\/palgaz.com.pl\/en\/do-pobrania\/\" \/>\n<meta property=\"og:locale\" content=\"en_GB\" \/>\n<meta property=\"og:type\" content=\"article\" \/>\n<meta property=\"og:title\" content=\"Do pobrania - PAL-GAZ\" \/>\n<meta property=\"og:description\" content=\"Instrukcja u\u017cytkowania i&nbsp;w\u0142a\u015bciwo\u015bci posadzek betonowych (v4.0)\" \/>\n<meta property=\"og:url\" content=\"https:\/\/palgaz.com.pl\/en\/do-pobrania\/\" \/>\n<meta property=\"og:site_name\" content=\"PAL-GAZ\" \/>\n<meta property=\"article:modified_time\" content=\"2025-10-01T13:33:11+00:00\" \/>\n<meta name=\"twitter:card\" content=\"summary_large_image\" \/>\n<script type=\"application\/ld+json\" class=\"yoast-schema-graph\">{\"@context\":\"https:\/\/schema.org\",\"@graph\":[{\"@type\":\"WebPage\",\"@id\":\"https:\/\/palgaz.com.pl\/do-pobrania\/\",\"url\":\"https:\/\/palgaz.com.pl\/do-pobrania\/\",\"name\":\"Do pobrania - PAL-GAZ\",\"isPartOf\":{\"@id\":\"https:\/\/palgaz.com.pl\/#website\"},\"datePublished\":\"2024-02-26T14:42:50+00:00\",\"dateModified\":\"2025-10-01T13:33:11+00:00\",\"breadcrumb\":{\"@id\":\"https:\/\/palgaz.com.pl\/do-pobrania\/#breadcrumb\"},\"inLanguage\":\"en-GB\",\"potentialAction\":[{\"@type\":\"ReadAction\",\"target\":[\"https:\/\/palgaz.com.pl\/do-pobrania\/\"]}]},{\"@type\":\"BreadcrumbList\",\"@id\":\"https:\/\/palgaz.com.pl\/do-pobrania\/#breadcrumb\",\"itemListElement\":[{\"@type\":\"ListItem\",\"position\":1,\"name\":\"Strona g\u0142\u00f3wna\",\"item\":\"https:\/\/palgaz.com.pl\/\"},{\"@type\":\"ListItem\",\"position\":2,\"name\":\"Do pobrania\"}]},{\"@type\":\"WebSite\",\"@id\":\"https:\/\/palgaz.com.pl\/#website\",\"url\":\"https:\/\/palgaz.com.pl\/\",\"name\":\"PAL-GAZ\",\"description\":\"Posadzki Przemys\u0142owe\",\"potentialAction\":[{\"@type\":\"SearchAction\",\"target\":{\"@type\":\"EntryPoint\",\"urlTemplate\":\"https:\/\/palgaz.com.pl\/?s={search_term_string}\"},\"query-input\":{\"@type\":\"PropertyValueSpecification\",\"valueRequired\":true,\"valueName\":\"search_term_string\"}}],\"inLanguage\":\"en-GB\"}]}<\/script>\n<!-- \/ Yoast SEO plugin. -->","yoast_head_json":{"title":"Do pobrania - PAL-GAZ","robots":{"index":"index","follow":"follow","max-snippet":"max-snippet:-1","max-image-preview":"max-image-preview:large","max-video-preview":"max-video-preview:-1"},"canonical":"https:\/\/palgaz.com.pl\/en\/do-pobrania\/","og_locale":"en_GB","og_type":"article","og_title":"Do pobrania - PAL-GAZ","og_description":"Instrukcja u\u017cytkowania i&nbsp;w\u0142a\u015bciwo\u015bci posadzek betonowych (v4.0)","og_url":"https:\/\/palgaz.com.pl\/en\/do-pobrania\/","og_site_name":"PAL-GAZ","article_modified_time":"2025-10-01T13:33:11+00:00","twitter_card":"summary_large_image","schema":{"@context":"https:\/\/schema.org","@graph":[{"@type":"WebPage","@id":"https:\/\/palgaz.com.pl\/do-pobrania\/","url":"https:\/\/palgaz.com.pl\/do-pobrania\/","name":"Do pobrania - PAL-GAZ","isPartOf":{"@id":"https:\/\/palgaz.com.pl\/#website"},"datePublished":"2024-02-26T14:42:50+00:00","dateModified":"2025-10-01T13:33:11+00:00","breadcrumb":{"@id":"https:\/\/palgaz.com.pl\/do-pobrania\/#breadcrumb"},"inLanguage":"en-GB","potentialAction":[{"@type":"ReadAction","target":["https:\/\/palgaz.com.pl\/do-pobrania\/"]}]},{"@type":"BreadcrumbList","@id":"https:\/\/palgaz.com.pl\/do-pobrania\/#breadcrumb","itemListElement":[{"@type":"ListItem","position":1,"name":"Strona g\u0142\u00f3wna","item":"https:\/\/palgaz.com.pl\/"},{"@type":"ListItem","position":2,"name":"Do pobrania"}]},{"@type":"WebSite","@id":"https:\/\/palgaz.com.pl\/#website","url":"https:\/\/palgaz.com.pl\/","name":"PAL-GAZ","description":"Posadzki Przemys\u0142owe","potentialAction":[{"@type":"SearchAction","target":{"@type":"EntryPoint","urlTemplate":"https:\/\/palgaz.com.pl\/?s={search_term_string}"},"query-input":{"@type":"PropertyValueSpecification","valueRequired":true,"valueName":"search_term_string"}}],"inLanguage":"en-GB"}]}},"_links":{"self":[{"href":"https:\/\/palgaz.com.pl\/en\/wp-json\/wp\/v2\/pages\/793","targetHints":{"allow":["GET"]}}],"collection":[{"href":"https:\/\/palgaz.com.pl\/en\/wp-json\/wp\/v2\/pages"}],"about":[{"href":"https:\/\/palgaz.com.pl\/en\/wp-json\/wp\/v2\/types\/page"}],"author":[{"embeddable":true,"href":"https:\/\/palgaz.com.pl\/en\/wp-json\/wp\/v2\/users\/1"}],"replies":[{"embeddable":true,"href":"https:\/\/palgaz.com.pl\/en\/wp-json\/wp\/v2\/comments?post=793"}],"version-history":[{"count":24,"href":"https:\/\/palgaz.com.pl\/en\/wp-json\/wp\/v2\/pages\/793\/revisions"}],"predecessor-version":[{"id":1492,"href":"https:\/\/palgaz.com.pl\/en\/wp-json\/wp\/v2\/pages\/793\/revisions\/1492"}],"wp:attachment":[{"href":"https:\/\/palgaz.com.pl\/en\/wp-json\/wp\/v2\/media?parent=793"}],"curies":[{"name":"wp","href":"https:\/\/api.w.org\/{rel}","templated":true}]}}